{"id":2604,"date":"2024-12-19T15:50:49","date_gmt":"2024-12-19T14:50:49","guid":{"rendered":"https:\/\/simson-cohen.de\/caisse-depargne-de-hagen\/"},"modified":"2025-04-27T01:44:35","modified_gmt":"2025-04-27T00:44:35","slug":"caisse-depargne-de-hagen","status":"publish","type":"page","link":"https:\/\/simson-cohen.de\/fr\/caisse-depargne-de-hagen\/","title":{"rendered":"Caisse d&rsquo;\u00e9pargne de Hagen"},"content":{"rendered":"\t\t<div data-elementor-type=\"wp-page\" data-elementor-id=\"2604\" class=\"elementor elementor-2604 elementor-2315\" data-elementor-post-type=\"page\">\n\t\t\t\t<div class=\"elementor-element elementor-element-64b8867 e-con-full e-flex e-con e-parent\" data-id=\"64b8867\" data-element_type=\"container\" data-e-type=\"container\" data-settings=\"{&quot;background_background&quot;:&quot;slideshow&quot;,&quot;background_slideshow_gallery&quot;:[{&quot;id&quot;:565,&quot;url&quot;:&quot;http:\\\/\\\/simson-cohen.de\\\/wp-content\\\/uploads\\\/2024\\\/11\\\/simson_cohen_sparkasse_hagen_g.jpg&quot;}],&quot;background_slideshow_slide_duration&quot;:5000,&quot;background_slideshow_slide_transition&quot;:&quot;fade&quot;,&quot;background_slideshow_transition_duration&quot;:500}\">\n\t\t\t\t<div class=\"elementor-element elementor-element-5672ad0 elementor-widget elementor-widget-heading\" data-id=\"5672ad0\" data-element_type=\"widget\" data-e-type=\"widget\" data-widget_type=\"heading.default\">\n\t\t\t\t<div class=\"elementor-widget-container\">\n\t\t\t\t\t<h1 class=\"elementor-heading-title elementor-size-default\">Le pass\u00e9 nazi de la Sparkasse Hagen<\/h1>\t\t\t\t<\/div>\n\t\t\t\t<\/div>\n\t\t\t\t<\/div>\n\t\t<div class=\"elementor-element elementor-element-58c1281 e-flex e-con-boxed e-con e-parent\" data-id=\"58c1281\" data-element_type=\"container\" data-e-type=\"container\">\n\t\t\t\t\t<div class=\"e-con-inner\">\n\t\t<div class=\"elementor-element elementor-element-7c2c533 e-flex e-con-boxed e-con e-child\" data-id=\"7c2c533\" data-element_type=\"container\" data-e-type=\"container\">\n\t\t\t\t\t<div class=\"e-con-inner\">\n\t\t\t\t<div class=\"elementor-element elementor-element-f9f78f0 elementor-widget elementor-widget-text-editor\" data-id=\"f9f78f0\" data-element_type=\"widget\" data-e-type=\"widget\" data-widget_type=\"text-editor.default\">\n\t\t\t\t<div class=\"elementor-widget-container\">\n\t\t\t\t\t\t\t\t\t<h1 style=\"padding-left: 40px;\"><span style=\"color: #000000;\">Sparkasse an Volme und Ruhr (Caisse d&rsquo;\u00e9pargne de la Volme et de la Ruhr)<\/span><\/h1><h2 class=\"elementor-heading-title elementor-size-default\" style=\"padding-left: 40px;\"><a href=\"https:\/\/simson-cohen.de\/presse\/\" target=\"_blank\" rel=\"noopener\">Commentaires de la presse sur l&rsquo;audience de la Cour d&rsquo;appel de Hamm du 26 mars 2025<\/a><\/h2>\t\t\t\t\t\t\t\t<\/div>\n\t\t\t\t<\/div>\n\t\t\t\t<div class=\"elementor-element elementor-element-b3bf28c elementor-widget elementor-widget-spacer\" data-id=\"b3bf28c\" data-element_type=\"widget\" data-e-type=\"widget\" data-widget_type=\"spacer.default\">\n\t\t\t\t<div class=\"elementor-widget-container\">\n\t\t\t\t\t\t\t<div class=\"elementor-spacer\">\n\t\t\t<div class=\"elementor-spacer-inner\"><\/div>\n\t\t<\/div>\n\t\t\t\t\t\t<\/div>\n\t\t\t\t<\/div>\n\t\t\t\t<div class=\"elementor-element elementor-element-0d86230 elementor-widget elementor-widget-heading\" data-id=\"0d86230\" data-element_type=\"widget\" data-e-type=\"widget\" data-widget_type=\"heading.default\">\n\t\t\t\t<div class=\"elementor-widget-container\">\n\t\t\t\t\t<h1 class=\"elementor-heading-title elementor-size-default\">Expropriation de biens juifs par la caisse d'\u00e9pargne de la ville de Hagen<\/h1>\t\t\t\t<\/div>\n\t\t\t\t<\/div>\n\t\t\t\t<div class=\"elementor-element elementor-element-61a9ebc elementor-widget elementor-widget-text-editor\" data-id=\"61a9ebc\" data-element_type=\"widget\" data-e-type=\"widget\" data-widget_type=\"text-editor.default\">\n\t\t\t\t<div class=\"elementor-widget-container\">\n\t\t\t\t\t\t\t\t\t<h5><span style=\"color: #333333;\">Le nom de <strong>Simson Cohen<\/strong> est repr\u00e9sentatif des injustices commises \u00e0 l&rsquo;encontre de nos concitoyens juifs sous la dictature nazie et des souffrances indicibles qu&rsquo;elles ont caus\u00e9es.<\/span><\/h5>\t\t\t\t\t\t\t\t<\/div>\n\t\t\t\t<\/div>\n\t\t\t\t<div class=\"elementor-element elementor-element-90206cd elementor-widget elementor-widget-text-editor\" data-id=\"90206cd\" data-element_type=\"widget\" data-e-type=\"widget\" data-widget_type=\"text-editor.default\">\n\t\t\t\t<div class=\"elementor-widget-container\">\n\t\t\t\t\t\t\t\t\t<p>Des sbires SA ont attaqu\u00e9 la <a href=\"https:\/\/www.google.de\/maps\/@51.3567563,7.4781964,3a,63.7y,15.3h,96.19t\/data=!3m7!1e1!3m5!1spOHFsO9gnoNWT3limewiRw!2e0!6shttps:%2F%2Fstreetviewpixels-pa.googleapis.com%2Fv1%2Fthumbnail%3Fcb_client%3Dmaps_sv.tactile%26w%3D900%26h%3D600%26pitch%3D-6.185711458697199%26panoid%3DpOHFsO9gnoNWT3limewiRw%26yaw%3D15.303015119899532!7i16384!8i8192?entry=ttu&amp;g_ep=EgoyMDI0MTEyNC4xIKXMDSoASAFQAw%3D%3D\" target=\"_blank\" rel=\"noopener\">propri\u00e9t\u00e9 de Simson Cohen au Hohen Graben 2 \u00e0 Hagen (Volme Haus, NRW)<\/a> dans les ann\u00e9es 30, ont d\u00e9moli les meubles, ont jet\u00e9 le <a href=\"https:\/\/simson-cohen.de\/das-klavier-in-der-volme\/\" rel=\"noopener\">piano dans la Volme <\/a>, ont abattu le chien et ont brutalement battu Simson Cohen. Il a ensuite d\u00fb se r\u00e9fugier avec sa famille en Suisse, \u00e0 Berne, o\u00f9 il a succomb\u00e9 \u00e0 ses blessures dues \u00e0 l&rsquo;agression. La propri\u00e9t\u00e9 du Hohen Graben 2 a \u00e9t\u00e9 reprise par la ville de Hagen (expropriation) et vendue \u00e0 des particuliers par le biais d&rsquo;hommes de paille.  <\/p><p>En raison des lois militaires alli\u00e9es, l&rsquo;office d&rsquo;indemnisation de la ville de Hagen a men\u00e9 des n\u00e9gociations avec les h\u00e9ritiers de Simson Cohen apr\u00e8s la fin de la Seconde Guerre mondiale afin d&rsquo;obtenir une indemnisation pour le bien immobilier expropri\u00e9. Les h\u00e9ritiers \u00e9taient repr\u00e9sent\u00e9s par la communaut\u00e9 juive de Dortmund. Un accord juridiquement valable n&rsquo;a cependant pas \u00e9t\u00e9 conclu ; l&rsquo;accord \u00e9crit n\u00e9cessaire du conseil municipal de Hagen fait toujours d\u00e9faut. L&rsquo;historien en chef de la ville de Hagen n&rsquo;a pas non plus pu apporter d&rsquo;aide \u00e0 ce sujet. En outre, le versement \u00e9ventuel de l&rsquo;indemnit\u00e9 aux h\u00e9ritiers ne peut pas \u00eatre prouv\u00e9. Le descendant de Simson Cohen, qui vit en Suisse, va donc intenter une action en justice pour obtenir des informations sur l&rsquo;existence de l&rsquo;accord \u00e9crit du conseil municipal.     <\/p><p>Une autre <a href=\"https:\/\/simson-cohen.de\/klage-gegen-sparkasse-hagen\/\">affaire<\/a> pendante devant la Cour d&rsquo;appel de Hamm (Rh\u00e9nanie-du-Nord-Westphalie) concerne l&rsquo;expropriation des avoirs bancaires d&rsquo;Arthur Levy, gendre de Simson Cohen, \u00e0 l&rsquo;ancienne Sparkasse Hagen pendant la p\u00e9riode nazie des ann\u00e9es 30 (aujourd&rsquo;hui <a href=\"https:\/\/www.spkvr.de\/de\/home.html\" target=\"_blank\" rel=\"noopener\">Sparkasse an Volme und Ruhr<\/a>). Simson Cohen et Arthur Levy avaient tous deux un compte bancaire \u00e0 la Sparkasse de Hagen. Simson Cohen disposait en outre d&rsquo;un <a href=\"http:\/\/simson-cohen.de\/wp-content\/uploads\/2024\/12\/Sparkasse-Hagen-Schuldverschreibung-e1734608125796.jpg\" target=\"_blank\" rel=\"noopener\">d\u00e9p\u00f4t de titres<\/a> qui a \u00e9galement \u00e9t\u00e9 expropri\u00e9. Ce cas juridique est \u00e9galement li\u00e9 \u00e0 l&rsquo;<a href=\"https:\/\/simson-cohen.de\/nachrichtenlose-vermoegenswerte\/\" target=\"_blank\" rel=\"noopener\">\u00e9tude command\u00e9e par le gouvernement allemand sur les fonds en d\u00e9sh\u00e9rence<\/a> (Social Impact Fund). Il en ressort que les caisses d&rsquo;\u00e9pargne allemandes ne se sont pas suffisamment acquitt\u00e9es de leur obligation de tenir un registre des avoirs en d\u00e9sh\u00e9rence (les \u00ab\u00a0comptes dormants\u00a0\u00bb) ; une banque doit utiliser tous les canaux de communication pour retrouver les descendants des titulaires de comptes ayant droit \u00e0 la succession. On peut supposer qu&rsquo;il existe encore quelques milliards d&rsquo;euros de \u00ab\u00a0comptes dormants\u00a0\u00bb en Allemagne. La Sparkasse Hagen (zu Volme und Ruhr) n&rsquo;a cependant jamais fait de recherches sur d&rsquo;\u00e9ventuels descendants d&rsquo;Arthur Levy qui pourraient revendiquer le solde du compte. M\u00eame apr\u00e8s avoir \u00e9t\u00e9 contact\u00e9e par le descendant d&rsquo;Arthur Levy, la Sparkasse an Volme und Ruhr n&rsquo;a pas fait d&rsquo;efforts pour engager la conversation avec le descendant.         <\/p><p>Dans le cadre de l&rsquo;\u00e9tude susmentionn\u00e9e sur les fonds en d\u00e9sh\u00e9rence, les caisses d&rsquo;\u00e9pargne tentent actuellement de ne plus \u00eatre tenues de communiquer sur les comptes personnels en vertu de la loi sur la libert\u00e9 d&rsquo;information (IFG) de Rh\u00e9nanie-du-Nord-Westphalie. Les experts consult\u00e9s s&rsquo;opposent cependant \u00e0 ces modifications de la <a href=\"https:\/\/www.im.nrw\/themen\/beteiligung\/informationsfreiheit\" target=\"_blank\" rel=\"noopener\">loi IFG NRW<\/a>.   <\/p><p>Le cas de Simson Cohen et d&rsquo;Arthur Levy montre avec force que <strong><a href=\"https:\/\/de.m.wikipedia.org\/wiki\/Unrechtsstaat#:~:text=Unrechtsstaat%20ist%20eine%20abwertend%20gebrauchte,%E2%80%9Estaatlichen%20%C3%9Cbergriffen%20schutzlos%20preisgegeben%E2%80%9C.\" target=\"_blank\" rel=\"noopener\">l&rsquo;injustice nazie<\/a><\/strong> doit <strong>toujours<\/strong> \u00eatre <strong>justiciable<\/strong> et que l&rsquo;\u00c9tat allemand a toujours le devoir d&rsquo;effectuer un travail d&rsquo;explication en ce qui concerne l&rsquo;expropriation des biens juifs. <a href=\"https:\/\/www.bild.de\/leben-wissen\/gerechtigkeit-hat-kein-verfallsdatum-verfahren-gegen-kz-waechter-100-674ef61471ebfe079c8fe10b\" target=\"_blank\" rel=\"noopener\">La justice n&rsquo;a pas de date de p\u00e9remption. <\/a> <\/p><p>La R\u00e9publique f\u00e9d\u00e9rale d&rsquo;Allemagne a toujours accord\u00e9 une <a href=\"https:\/\/www.auswaertiges-amt.de\/de\/aussenpolitik\/regelbasierte-internationale-ordnung\/voelkerrecht-internationales-recht\/Historische_Verantwortung\/entschaedigung-ns-unrecht\/203834\" target=\"_blank\" rel=\"noopener\">priorit\u00e9 particuli\u00e8re<\/a> \u00e0 la r\u00e9paration morale et financi\u00e8re des injustices commises par le r\u00e9gime nazi. Les paroles doivent maintenant \u00eatre suivies d&rsquo;actes. <\/p>\t\t\t\t\t\t\t\t<\/div>\n\t\t\t\t<\/div>\n\t\t\t\t\t<\/div>\n\t\t\t\t<\/div>\n\t\t\t\t\t<\/div>\n\t\t\t\t<\/div>\n\t\t<div class=\"elementor-element elementor-element-f493103 e-flex e-con-boxed e-con e-parent\" data-id=\"f493103\" data-element_type=\"container\" data-e-type=\"container\">\n\t\t\t\t\t<div class=\"e-con-inner\">\n\t\t\t\t<div class=\"elementor-element elementor-element-a18b846 elementor-widget elementor-widget-image\" data-id=\"a18b846\" data-element_type=\"widget\" data-e-type=\"widget\" data-widget_type=\"image.default\">\n\t\t\t\t<div class=\"elementor-widget-container\">\n\t\t\t\t\t\t\t\t\t\t\t\t\t\t\t<img fetchpriority=\"high\" decoding=\"async\" width=\"776\" height=\"536\" src=\"https:\/\/simson-cohen.de\/wp-content\/uploads\/2024\/12\/Sparkasse-Hagen-Schuldverschreibung-e1734608125796.jpg\" class=\"attachment-full size-full wp-image-2291\" alt=\"Beweis der Enteignung des Wertschriftendepots von Simson Cohen !\" srcset=\"https:\/\/simson-cohen.de\/wp-content\/uploads\/2024\/12\/Sparkasse-Hagen-Schuldverschreibung-e1734608125796.jpg 776w, https:\/\/simson-cohen.de\/wp-content\/uploads\/2024\/12\/Sparkasse-Hagen-Schuldverschreibung-e1734608125796-300x207.jpg 300w, https:\/\/simson-cohen.de\/wp-content\/uploads\/2024\/12\/Sparkasse-Hagen-Schuldverschreibung-e1734608125796-768x530.jpg 768w\" sizes=\"(max-width: 776px) 100vw, 776px\" \/>\t\t\t\t\t\t\t\t\t\t\t\t\t\t\t<\/div>\n\t\t\t\t<\/div>\n\t\t\t\t\t<\/div>\n\t\t\t\t<\/div>\n\t\t<div class=\"elementor-element elementor-element-c651bc4 e-flex e-con-boxed e-con e-parent\" data-id=\"c651bc4\" data-element_type=\"container\" data-e-type=\"container\">\n\t\t\t\t\t<div class=\"e-con-inner\">\n\t\t\t\t\t<\/div>\n\t\t\t\t<\/div>\n\t\t\t\t<\/div>\n\t\t","protected":false},"excerpt":{"rendered":"<p>Le pass\u00e9 nazi de la Sparkasse Hagen Sparkasse an Volme und Ruhr (Caisse d&rsquo;\u00e9pargne de la Volme et de la Ruhr) Commentaires de la presse sur l&rsquo;audience de la Cour d&rsquo;appel de Hamm du 26 mars 2025 Expropriation de biens juifs par la caisse d&rsquo;\u00e9pargne de la ville de Hagen Le nom de Simson Cohen [&hellip;]<\/p>\n","protected":false},"author":1,"featured_media":0,"parent":0,"menu_order":0,"comment_status":"closed","ping_status":"closed","template":"","meta":{"footnotes":""},"class_list":["post-2604","page","type-page","status-publish","hentry"],"yoast_head":"<!-- This site is optimized with the Yoast SEO plugin v27.2 - https:\/\/yoast.com\/product\/yoast-seo-wordpress\/ -->\n<title>Caisse d&#039;\u00e9pargne de Hagen - Sparkasse an Volme und Ruhr enteignung von J\u00fcdischen Bankguthaben<\/title>\n<meta name=\"robots\" content=\"index, follow, max-snippet:-1, max-image-preview:large, max-video-preview:-1\" \/>\n<link rel=\"canonical\" href=\"https:\/\/simson-cohen.de\/fr\/caisse-depargne-de-hagen\/\" \/>\n<meta property=\"og:locale\" content=\"fr_FR\" \/>\n<meta property=\"og:type\" content=\"article\" \/>\n<meta property=\"og:title\" content=\"Caisse d&#039;\u00e9pargne de Hagen - Sparkasse an Volme und Ruhr enteignung von J\u00fcdischen Bankguthaben\" \/>\n<meta property=\"og:description\" content=\"Le pass\u00e9 nazi de la Sparkasse Hagen Sparkasse an Volme und Ruhr (Caisse d&rsquo;\u00e9pargne de la Volme et de la Ruhr) Commentaires de la presse sur l&rsquo;audience de la Cour d&rsquo;appel de Hamm du 26 mars 2025 Expropriation de biens juifs par la caisse d&rsquo;\u00e9pargne de la ville de Hagen Le nom de Simson Cohen [&hellip;]\" \/>\n<meta property=\"og:url\" content=\"https:\/\/simson-cohen.de\/fr\/caisse-depargne-de-hagen\/\" \/>\n<meta property=\"og:site_name\" content=\"Sparkasse an Volme und Ruhr enteignung von J\u00fcdischen Bankguthaben\" \/>\n<meta property=\"article:modified_time\" content=\"2025-04-27T00:44:35+00:00\" \/>\n<meta property=\"og:image\" content=\"https:\/\/simson-cohen.de\/wp-content\/uploads\/2024\/12\/Sparkasse-Hagen-Schuldverschreibung-e1734608125796.jpg\" \/>\n<meta name=\"twitter:card\" content=\"summary_large_image\" \/>\n<meta name=\"twitter:label1\" content=\"Dur\u00e9e de lecture estim\u00e9e\" \/>\n\t<meta name=\"twitter:data1\" content=\"3 minutes\" \/>\n<script type=\"application\/ld+json\" class=\"yoast-schema-graph\">{\"@context\":\"https:\/\/schema.org\",\"@graph\":[{\"@type\":\"WebPage\",\"@id\":\"https:\/\/simson-cohen.de\/fr\/caisse-depargne-de-hagen\/\",\"url\":\"https:\/\/simson-cohen.de\/fr\/caisse-depargne-de-hagen\/\",\"name\":\"Caisse d'\u00e9pargne de Hagen - Sparkasse an Volme und Ruhr enteignung von J\u00fcdischen Bankguthaben\",\"isPartOf\":{\"@id\":\"https:\/\/simson-cohen.de\/fr\/#website\"},\"primaryImageOfPage\":{\"@id\":\"https:\/\/simson-cohen.de\/fr\/caisse-depargne-de-hagen\/#primaryimage\"},\"image\":{\"@id\":\"https:\/\/simson-cohen.de\/fr\/caisse-depargne-de-hagen\/#primaryimage\"},\"thumbnailUrl\":\"https:\/\/simson-cohen.de\/wp-content\/uploads\/2024\/12\/Sparkasse-Hagen-Schuldverschreibung-e1734608125796.jpg\",\"datePublished\":\"2024-12-19T14:50:49+00:00\",\"dateModified\":\"2025-04-27T00:44:35+00:00\",\"breadcrumb\":{\"@id\":\"https:\/\/simson-cohen.de\/fr\/caisse-depargne-de-hagen\/#breadcrumb\"},\"inLanguage\":\"fr-FR\",\"potentialAction\":[{\"@type\":\"ReadAction\",\"target\":[\"https:\/\/simson-cohen.de\/fr\/caisse-depargne-de-hagen\/\"]}]},{\"@type\":\"ImageObject\",\"inLanguage\":\"fr-FR\",\"@id\":\"https:\/\/simson-cohen.de\/fr\/caisse-depargne-de-hagen\/#primaryimage\",\"url\":\"https:\/\/simson-cohen.de\/wp-content\/uploads\/2024\/12\/Sparkasse-Hagen-Schuldverschreibung-e1734608125796.jpg\",\"contentUrl\":\"https:\/\/simson-cohen.de\/wp-content\/uploads\/2024\/12\/Sparkasse-Hagen-Schuldverschreibung-e1734608125796.jpg\"},{\"@type\":\"BreadcrumbList\",\"@id\":\"https:\/\/simson-cohen.de\/fr\/caisse-depargne-de-hagen\/#breadcrumb\",\"itemListElement\":[{\"@type\":\"ListItem\",\"position\":1,\"name\":\"Startseite\",\"item\":\"https:\/\/simson-cohen.de\/fr\/\"},{\"@type\":\"ListItem\",\"position\":2,\"name\":\"Caisse d&#8217;\u00e9pargne de Hagen\"}]},{\"@type\":\"WebSite\",\"@id\":\"https:\/\/simson-cohen.de\/fr\/#website\",\"url\":\"https:\/\/simson-cohen.de\/fr\/\",\"name\":\"Sparkasse an Volme und Ruhr enteignung von J\u00fcdischen Bankguthaben\",\"description\":\"Rechtsstreit Arthur Levy Konto 4409 bei der Sparkasse an Volme und Ruhr\",\"publisher\":{\"@id\":\"https:\/\/simson-cohen.de\/fr\/#organization\"},\"potentialAction\":[{\"@type\":\"SearchAction\",\"target\":{\"@type\":\"EntryPoint\",\"urlTemplate\":\"https:\/\/simson-cohen.de\/fr\/?s={search_term_string}\"},\"query-input\":{\"@type\":\"PropertyValueSpecification\",\"valueRequired\":true,\"valueName\":\"search_term_string\"}}],\"inLanguage\":\"fr-FR\"},{\"@type\":\"Organization\",\"@id\":\"https:\/\/simson-cohen.de\/fr\/#organization\",\"name\":\"Sparkasse an Volme und Ruhr enteignung von J\u00fcdischen Bankguthaben\",\"url\":\"https:\/\/simson-cohen.de\/fr\/\",\"logo\":{\"@type\":\"ImageObject\",\"inLanguage\":\"fr-FR\",\"@id\":\"https:\/\/simson-cohen.de\/fr\/#\/schema\/logo\/image\/\",\"url\":\"https:\/\/simson-cohen.de\/wp-content\/uploads\/2024\/11\/K-IMG_5520.jpg\",\"contentUrl\":\"https:\/\/simson-cohen.de\/wp-content\/uploads\/2024\/11\/K-IMG_5520.jpg\",\"width\":1996,\"height\":1792,\"caption\":\"Sparkasse an Volme und Ruhr enteignung von J\u00fcdischen Bankguthaben\"},\"image\":{\"@id\":\"https:\/\/simson-cohen.de\/fr\/#\/schema\/logo\/image\/\"}}]}<\/script>\n<!-- \/ Yoast SEO plugin. -->","yoast_head_json":{"title":"Caisse d'\u00e9pargne de Hagen - Sparkasse an Volme und Ruhr enteignung von J\u00fcdischen Bankguthaben","robots":{"index":"index","follow":"follow","max-snippet":"max-snippet:-1","max-image-preview":"max-image-preview:large","max-video-preview":"max-video-preview:-1"},"canonical":"https:\/\/simson-cohen.de\/fr\/caisse-depargne-de-hagen\/","og_locale":"fr_FR","og_type":"article","og_title":"Caisse d'\u00e9pargne de Hagen - Sparkasse an Volme und Ruhr enteignung von J\u00fcdischen Bankguthaben","og_description":"Le pass\u00e9 nazi de la Sparkasse Hagen Sparkasse an Volme und Ruhr (Caisse d&rsquo;\u00e9pargne de la Volme et de la Ruhr) Commentaires de la presse sur l&rsquo;audience de la Cour d&rsquo;appel de Hamm du 26 mars 2025 Expropriation de biens juifs par la caisse d&rsquo;\u00e9pargne de la ville de Hagen Le nom de Simson Cohen [&hellip;]","og_url":"https:\/\/simson-cohen.de\/fr\/caisse-depargne-de-hagen\/","og_site_name":"Sparkasse an Volme und Ruhr enteignung von J\u00fcdischen Bankguthaben","article_modified_time":"2025-04-27T00:44:35+00:00","og_image":[{"url":"https:\/\/simson-cohen.de\/wp-content\/uploads\/2024\/12\/Sparkasse-Hagen-Schuldverschreibung-e1734608125796.jpg","type":"","width":"","height":""}],"twitter_card":"summary_large_image","twitter_misc":{"Dur\u00e9e de lecture estim\u00e9e":"3 minutes"},"schema":{"@context":"https:\/\/schema.org","@graph":[{"@type":"WebPage","@id":"https:\/\/simson-cohen.de\/fr\/caisse-depargne-de-hagen\/","url":"https:\/\/simson-cohen.de\/fr\/caisse-depargne-de-hagen\/","name":"Caisse d'\u00e9pargne de Hagen - Sparkasse an Volme und Ruhr enteignung von J\u00fcdischen Bankguthaben","isPartOf":{"@id":"https:\/\/simson-cohen.de\/fr\/#website"},"primaryImageOfPage":{"@id":"https:\/\/simson-cohen.de\/fr\/caisse-depargne-de-hagen\/#primaryimage"},"image":{"@id":"https:\/\/simson-cohen.de\/fr\/caisse-depargne-de-hagen\/#primaryimage"},"thumbnailUrl":"https:\/\/simson-cohen.de\/wp-content\/uploads\/2024\/12\/Sparkasse-Hagen-Schuldverschreibung-e1734608125796.jpg","datePublished":"2024-12-19T14:50:49+00:00","dateModified":"2025-04-27T00:44:35+00:00","breadcrumb":{"@id":"https:\/\/simson-cohen.de\/fr\/caisse-depargne-de-hagen\/#breadcrumb"},"inLanguage":"fr-FR","potentialAction":[{"@type":"ReadAction","target":["https:\/\/simson-cohen.de\/fr\/caisse-depargne-de-hagen\/"]}]},{"@type":"ImageObject","inLanguage":"fr-FR","@id":"https:\/\/simson-cohen.de\/fr\/caisse-depargne-de-hagen\/#primaryimage","url":"https:\/\/simson-cohen.de\/wp-content\/uploads\/2024\/12\/Sparkasse-Hagen-Schuldverschreibung-e1734608125796.jpg","contentUrl":"https:\/\/simson-cohen.de\/wp-content\/uploads\/2024\/12\/Sparkasse-Hagen-Schuldverschreibung-e1734608125796.jpg"},{"@type":"BreadcrumbList","@id":"https:\/\/simson-cohen.de\/fr\/caisse-depargne-de-hagen\/#breadcrumb","itemListElement":[{"@type":"ListItem","position":1,"name":"Startseite","item":"https:\/\/simson-cohen.de\/fr\/"},{"@type":"ListItem","position":2,"name":"Caisse d&#8217;\u00e9pargne de Hagen"}]},{"@type":"WebSite","@id":"https:\/\/simson-cohen.de\/fr\/#website","url":"https:\/\/simson-cohen.de\/fr\/","name":"Sparkasse an Volme und Ruhr enteignung von J\u00fcdischen Bankguthaben","description":"Rechtsstreit Arthur Levy Konto 4409 bei der Sparkasse an Volme und Ruhr","publisher":{"@id":"https:\/\/simson-cohen.de\/fr\/#organization"},"potentialAction":[{"@type":"SearchAction","target":{"@type":"EntryPoint","urlTemplate":"https:\/\/simson-cohen.de\/fr\/?s={search_term_string}"},"query-input":{"@type":"PropertyValueSpecification","valueRequired":true,"valueName":"search_term_string"}}],"inLanguage":"fr-FR"},{"@type":"Organization","@id":"https:\/\/simson-cohen.de\/fr\/#organization","name":"Sparkasse an Volme und Ruhr enteignung von J\u00fcdischen Bankguthaben","url":"https:\/\/simson-cohen.de\/fr\/","logo":{"@type":"ImageObject","inLanguage":"fr-FR","@id":"https:\/\/simson-cohen.de\/fr\/#\/schema\/logo\/image\/","url":"https:\/\/simson-cohen.de\/wp-content\/uploads\/2024\/11\/K-IMG_5520.jpg","contentUrl":"https:\/\/simson-cohen.de\/wp-content\/uploads\/2024\/11\/K-IMG_5520.jpg","width":1996,"height":1792,"caption":"Sparkasse an Volme und Ruhr enteignung von J\u00fcdischen Bankguthaben"},"image":{"@id":"https:\/\/simson-cohen.de\/fr\/#\/schema\/logo\/image\/"}}]}},"_links":{"self":[{"href":"https:\/\/simson-cohen.de\/fr\/wp-json\/wp\/v2\/pages\/2604","targetHints":{"allow":["GET"]}}],"collection":[{"href":"https:\/\/simson-cohen.de\/fr\/wp-json\/wp\/v2\/pages"}],"about":[{"href":"https:\/\/simson-cohen.de\/fr\/wp-json\/wp\/v2\/types\/page"}],"author":[{"embeddable":true,"href":"https:\/\/simson-cohen.de\/fr\/wp-json\/wp\/v2\/users\/1"}],"replies":[{"embeddable":true,"href":"https:\/\/simson-cohen.de\/fr\/wp-json\/wp\/v2\/comments?post=2604"}],"version-history":[{"count":12,"href":"https:\/\/simson-cohen.de\/fr\/wp-json\/wp\/v2\/pages\/2604\/revisions"}],"predecessor-version":[{"id":4977,"href":"https:\/\/simson-cohen.de\/fr\/wp-json\/wp\/v2\/pages\/2604\/revisions\/4977"}],"wp:attachment":[{"href":"https:\/\/simson-cohen.de\/fr\/wp-json\/wp\/v2\/media?parent=2604"}],"curies":[{"name":"wp","href":"https:\/\/api.w.org\/{rel}","templated":true}]}}