{"id":2650,"date":"2024-11-26T08:43:20","date_gmt":"2024-11-26T07:43:20","guid":{"rendered":"https:\/\/simson-cohen.de\/actifs-en-desherence\/"},"modified":"2025-05-23T15:20:09","modified_gmt":"2025-05-23T14:20:09","slug":"actifs-en-desherence","status":"publish","type":"page","link":"https:\/\/simson-cohen.de\/fr\/actifs-en-desherence\/","title":{"rendered":"Actifs en d\u00e9sh\u00e9rence"},"content":{"rendered":"\t\t<div data-elementor-type=\"wp-page\" data-elementor-id=\"2650\" class=\"elementor elementor-2650 elementor-676\" data-elementor-post-type=\"page\">\n\t\t\t\t<div class=\"elementor-element elementor-element-ca85fea e-flex e-con-boxed e-con e-parent\" data-id=\"ca85fea\" data-element_type=\"container\" data-e-type=\"container\">\n\t\t\t\t\t<div class=\"e-con-inner\">\n\t\t\t\t<div class=\"elementor-element elementor-element-2d370d1 elementor-widget elementor-widget-heading\" data-id=\"2d370d1\" data-element_type=\"widget\" data-e-type=\"widget\" data-widget_type=\"heading.default\">\n\t\t\t\t<div class=\"elementor-widget-container\">\n\t\t\t\t\t<h1 class=\"elementor-heading-title elementor-size-default\">Actifs en d\u00e9sh\u00e9rence<\/h1>\t\t\t\t<\/div>\n\t\t\t\t<\/div>\n\t\t\t\t\t<\/div>\n\t\t\t\t<\/div>\n\t\t<div class=\"elementor-element elementor-element-8e3bef8 e-flex e-con-boxed e-con e-parent\" data-id=\"8e3bef8\" data-element_type=\"container\" data-e-type=\"container\">\n\t\t\t\t\t<div class=\"e-con-inner\">\n\t\t\t\t<div class=\"elementor-element elementor-element-c739e8b elementor-widget elementor-widget-text-editor\" data-id=\"c739e8b\" data-element_type=\"widget\" data-e-type=\"widget\" data-widget_type=\"text-editor.default\">\n\t\t\t\t<div class=\"elementor-widget-container\">\n\t\t\t\t\t\t\t\t\t<p>Le<a href=\"https:\/\/www.bundesregierung.de\/breg-de\/bundesregierung\/bundeskabinett\" target=\"_blank\" rel=\"noopener\"> gouvernement f\u00e9d\u00e9ral allemand<\/a> a command\u00e9 une <strong>\u00e9tude sur les avoirs en d\u00e9sh\u00e9rence<\/strong> (rapport final pour la R\u00e9publique f\u00e9d\u00e9rale d&rsquo;Allemagne, repr\u00e9sent\u00e9e par le minist\u00e8re f\u00e9d\u00e9ral de l&rsquo;\u00c9ducation et de la Recherche, pr\u00e9par\u00e9 par Schalast Partner und Rechtsanw\u00e4lte mbB, Francfort-sur-le-Main 30 avril 2021, avis juridique sur la possibilit\u00e9 de transf\u00e9rer les fonds des comptes en d\u00e9sh\u00e9rence vers un nouveau fonds \u00e0 impact social \u00e0 cr\u00e9er &#8211; le t\u00e9l\u00e9chargement de l&rsquo;\u00e9tude sera bient\u00f4t disponible sur cette page). Pour plus d&rsquo;informations \u00e0 ce sujet, vous pouvez \u00e9galement consulter le <a href=\"https:\/\/www.send-ev.de\/projekte-items\/social-impact-fonds\/\" target=\"_blank\" rel=\"noopener\">site web du Social Entrepreneurship Netzwerk Deutschland (SEND)<\/a>.   <\/p><p>Il ressort de cette \u00e9tude f\u00e9d\u00e9rale que les <strong>caisses d&rsquo;\u00e9pargne allemandes<\/strong> <strong>ne se sont pas suffisamment acquitt\u00e9es<\/strong> de leur <strong>obligation de tenir un registre<\/strong> <strong>des avoirs en d\u00e9sh\u00e9rence et donc des avoirs bancaires juifs spoli\u00e9s<\/strong> (\u00a0\u00bb <strong>comptes<\/strong><strong>dormants<\/strong> <strong>\u00ab\u00a0)<\/strong>; \u00e0 cet \u00e9gard, une banque doit utiliser tous les canaux de communication possibles pour retrouver les descendants des titulaires de comptes ayant droit \u00e0 la succession. On peut supposer qu&rsquo;il existe encore quelques milliards d&rsquo;euros de \u00ab\u00a0comptes dormants\u00a0\u00bb en Allemagne.   <\/p><p><em><span style=\"color: #000000;\">L&rsquo;\u00e9tude r\u00e9v\u00e8le que seuls 9% des caisses d&rsquo;\u00e9pargne interrog\u00e9es ont d\u00e9clar\u00e9 des avoirs en d\u00e9sh\u00e9rence (p. 33, N130).<\/span><\/em><\/p><p>La r\u00e9f\u00e9rence \u00e0 la page 55, N11 de l&rsquo;\u00e9tude f\u00e9d\u00e9rale est \u00e9galement importante : la propri\u00e9t\u00e9 au sens de l&rsquo;article 14 de la Loi fondamentale comprend tous les droits patrimoniaux qui sont attribu\u00e9s \u00e0 l&rsquo;individu par l&rsquo;ordre juridique et qui lui conf\u00e8rent un pouvoir priv\u00e9 d&rsquo;utilisation et de disposition. La notion constitutionnelle de propri\u00e9t\u00e9 va donc plus loin que la notion de propri\u00e9t\u00e9 en droit civil et ne s&rsquo;\u00e9tend notamment pas seulement \u00e0 la propri\u00e9t\u00e9 de biens. Les biens en d\u00e9sh\u00e9rence, en particulier les avoirs en compte et les d\u00e9p\u00f4ts de titres et autres, rel\u00e8vent donc de la notion de propri\u00e9t\u00e9 de l&rsquo;article 14 de la Loi fondamentale.  <\/p><p>p. 60, N26 de l&rsquo;\u00e9tude f\u00e9d\u00e9rale : au niveau national, il n&rsquo;existe \u00e0 ce jour qu&rsquo;une seule d\u00e9cision de la Cour f\u00e9d\u00e9rale des finances (\u00ab\u00a0BFH\u00a0\u00bb) qui reprend la notion de comptes \u00ab\u00a0immobilis\u00e9s\u00a0\u00bb dans le droit fiscal comptable. Celle-ci se rattache \u00e0 la caract\u00e9ristique du mouvement du compte. La d\u00e9cision concerne toutefois la question de l&rsquo;obligation de comptabiliser les dettes au passif et aboutit aux constatations suivantes :  <\/p><p>1. un \u00e9tablissement de cr\u00e9dit ne peut plus inscrire au passif les d\u00e9p\u00f4ts d&rsquo;\u00e9pargne dont il est presque certain qu&rsquo;ils ne seront plus r\u00e9clam\u00e9s<\/p><p>2. il n&rsquo;existe pas de r\u00e8gle empirique selon laquelle tous les engagements r\u00e9sultant de comptes d&rsquo;\u00e9pargne inactifs depuis 30 ans ou plus doivent \u00eatre d\u00e9comptabilis\u00e9s.<\/p><p>D&rsquo;autre part, il n&rsquo;existe pas non plus de r\u00e8gle empirique selon laquelle toutes les cr\u00e9ances li\u00e9es \u00e0 des comptes d&rsquo;\u00e9pargne qui n&rsquo;ont pas \u00e9t\u00e9 mouvement\u00e9s depuis moins de 30 ans ne seront pas r\u00e9clam\u00e9es.<\/p><p>En d&rsquo;autres termes, un \u00e9tablissement de cr\u00e9dit \u00ab\u00a0ne peut\u00a0\u00bb proc\u00e9der \u00e0 la d\u00e9comptabilisation des revenus que lorsqu&rsquo;il est \u00ab\u00a0quasiment certain\u00a0\u00bb que les avoirs correspondants \u00ab\u00a0ne seront plus r\u00e9clam\u00e9s\u00a0\u00bb. En m\u00eame temps, il n&rsquo;y a pas d&rsquo;exp\u00e9rience selon laquelle 30 ans seraient suffisants pour cela.   <\/p><p>p. 62 et suivantes. N231 \/ N232 \/ N236 de l&rsquo;\u00e9tude f\u00e9d\u00e9rale : il ne serait pas conforme aux int\u00e9r\u00eats de transf\u00e9rer de tels avoirs dans un fonds \u00e0 impact social par l&rsquo;interm\u00e9diaire de l&rsquo;institution de base apr\u00e8s l&rsquo;expiration d&rsquo;un d\u00e9lai de 10 ans en raison de l&rsquo;absence de nouvelles, alors qu&rsquo;une simple tentative de contact de l&rsquo;institution avec le titulaire du compte aurait \u00e9t\u00e9 possible sans autre. En outre, le terme \u00ab\u00a0sans nouvelles\u00a0\u00bb pr\u00e9suppose d\u00e9j\u00e0 dans son libell\u00e9 l&rsquo;absence de nouvelles, donc de contact. Dans cette mesure, le terme \u00ab\u00a0sans nouvelles\u00a0\u00bb pourrait \u00eatre li\u00e9 au fait que l&rsquo;\u00e9tablissement a perdu le contact avec les ayants droit et que l&rsquo;\u00e9tablissement ne parvient pas non plus \u00e0 r\u00e9tablir ce contact. La nature et le nombre de tentatives de contact avec le dernier titulaire de compte connu ou la mani\u00e8re de le localiser pourraient \u00eatre pertinents pour affirmer ou infirmer cette caract\u00e9ristique.   <\/p><p>Les actifs en d\u00e9sh\u00e9rence pourraient \u00eatre ceux pour lesquels aucune transaction ou communication n&rsquo;a eu lieu au cours des dix derni\u00e8res ann\u00e9es et pour lesquels l&rsquo;\u00e9tablissement a fait une premi\u00e8re tentative infructueuse de r\u00e9tablir le contact avec le client en <strong>utilisant<\/strong> <strong>tous les moyens de communication raisonnables<\/strong>.<\/p><p><strong>Dans le cadre de cette \u00e9tude f\u00e9d\u00e9rale, <a href=\"https:\/\/www.landtag.nrw.de\/portal\/WWW\/dokumentenarchiv\/Dokument\/MMST18-2058.pdf\">les caisses d&rsquo;\u00e9pargne tentent actuellement , en vertu de la loi sur la libert\u00e9 d&rsquo;information (IFG) de Rh\u00e9nanie-du-Nord-Westphalie, de ne plus \u00eatre tenues de communiquer des informations sur les comptes personnels.<\/a> Les experts consult\u00e9s s&rsquo;opposent cependant \u00e0 ces modifications de la<a href=\"https:\/\/www.im.nrw\/themen\/beteiligung\/informationsfreiheit\" target=\"_blank\" rel=\"noopener\"> loi IFG NRW<\/a>.  <\/strong><\/p>\t\t\t\t\t\t\t\t<\/div>\n\t\t\t\t<\/div>\n\t\t\t\t\t<\/div>\n\t\t\t\t<\/div>\n\t\t<div class=\"elementor-element elementor-element-2eea8d4 e-flex e-con-boxed e-con e-parent\" data-id=\"2eea8d4\" data-element_type=\"container\" data-e-type=\"container\">\n\t\t\t\t\t<div class=\"e-con-inner\">\n\t\t\t\t<div class=\"elementor-element elementor-element-2344f7d elementor-grid-6 elementor-share-buttons--view-icon-text elementor-share-buttons--skin-gradient elementor-share-buttons--shape-square elementor-share-buttons--color-official elementor-widget elementor-widget-share-buttons\" data-id=\"2344f7d\" data-element_type=\"widget\" data-e-type=\"widget\" data-widget_type=\"share-buttons.default\">\n\t\t\t\t<div class=\"elementor-widget-container\">\n\t\t\t\t\t\t\t<div class=\"elementor-grid\" role=\"list\">\n\t\t\t\t\t\t\t\t<div class=\"elementor-grid-item\" role=\"listitem\">\n\t\t\t\t\t\t<div class=\"elementor-share-btn elementor-share-btn_facebook\" role=\"button\" tabindex=\"0\" aria-label=\"Partager sur facebook\">\n\t\t\t\t\t\t\t\t\t\t\t\t\t\t\t<span class=\"elementor-share-btn__icon\">\n\t\t\t\t\t\t\t\t<svg aria-hidden=\"true\" class=\"e-font-icon-svg e-fab-facebook\" viewBox=\"0 0 512 512\" xmlns=\"http:\/\/www.w3.org\/2000\/svg\"><path d=\"M504 256C504 119 393 8 256 8S8 119 8 256c0 123.78 90.69 226.38 209.25 245V327.69h-63V256h63v-54.64c0-62.15 37-96.48 93.67-96.48 27.14 0 55.52 4.84 55.52 4.84v61h-31.28c-30.8 0-40.41 19.12-40.41 38.73V256h68.78l-11 71.69h-57.78V501C413.31 482.38 504 379.78 504 256z\"><\/path><\/svg>\t\t\t\t\t\t\t<\/span>\n\t\t\t\t\t\t\t\t\t\t\t\t\t\t\t\t\t\t\t\t\t\t<div class=\"elementor-share-btn__text\">\n\t\t\t\t\t\t\t\t\t\t\t\t\t\t\t\t\t\t\t<span class=\"elementor-share-btn__title\">\n\t\t\t\t\t\t\t\t\t\tFacebook\t\t\t\t\t\t\t\t\t<\/span>\n\t\t\t\t\t\t\t\t\t\t\t\t\t\t\t\t\t<\/div>\n\t\t\t\t\t\t\t\t\t\t\t\t\t<\/div>\n\t\t\t\t\t<\/div>\n\t\t\t\t\t\t\t\t\t<div class=\"elementor-grid-item\" role=\"listitem\">\n\t\t\t\t\t\t<div class=\"elementor-share-btn elementor-share-btn_xing\" role=\"button\" tabindex=\"0\" aria-label=\"Partager sur xing\">\n\t\t\t\t\t\t\t\t\t\t\t\t\t\t\t<span class=\"elementor-share-btn__icon\">\n\t\t\t\t\t\t\t\t<svg aria-hidden=\"true\" class=\"e-font-icon-svg e-fab-xing\" viewBox=\"0 0 384 512\" xmlns=\"http:\/\/www.w3.org\/2000\/svg\"><path d=\"M162.7 210c-1.8 3.3-25.2 44.4-70.1 123.5-4.9 8.3-10.8 12.5-17.7 12.5H9.8c-7.7 0-12.1-7.5-8.5-14.4l69-121.3c.2 0 .2-.1 0-.3l-43.9-75.6c-4.3-7.8.3-14.1 8.5-14.1H100c7.3 0 13.3 4.1 18 12.2l44.7 77.5zM382.6 46.1l-144 253v.3L330.2 466c3.9 7.1.2 14.1-8.5 14.1h-65.2c-7.6 0-13.6-4-18-12.2l-92.4-168.5c3.3-5.8 51.5-90.8 144.8-255.2 4.6-8.1 10.4-12.2 17.5-12.2h65.7c8 0 12.3 6.7 8.5 14.1z\"><\/path><\/svg>\t\t\t\t\t\t\t<\/span>\n\t\t\t\t\t\t\t\t\t\t\t\t\t\t\t\t\t\t\t\t\t\t<div class=\"elementor-share-btn__text\">\n\t\t\t\t\t\t\t\t\t\t\t\t\t\t\t\t\t\t\t<span class=\"elementor-share-btn__title\">\n\t\t\t\t\t\t\t\t\t\tXING\t\t\t\t\t\t\t\t\t<\/span>\n\t\t\t\t\t\t\t\t\t\t\t\t\t\t\t\t\t<\/div>\n\t\t\t\t\t\t\t\t\t\t\t\t\t<\/div>\n\t\t\t\t\t<\/div>\n\t\t\t\t\t\t\t\t\t<div class=\"elementor-grid-item\" role=\"listitem\">\n\t\t\t\t\t\t<div class=\"elementor-share-btn elementor-share-btn_linkedin\" role=\"button\" tabindex=\"0\" aria-label=\"Partager sur linkedin\">\n\t\t\t\t\t\t\t\t\t\t\t\t\t\t\t<span class=\"elementor-share-btn__icon\">\n\t\t\t\t\t\t\t\t<svg aria-hidden=\"true\" class=\"e-font-icon-svg e-fab-linkedin\" viewBox=\"0 0 448 512\" xmlns=\"http:\/\/www.w3.org\/2000\/svg\"><path d=\"M416 32H31.9C14.3 32 0 46.5 0 64.3v383.4C0 465.5 14.3 480 31.9 480H416c17.6 0 32-14.5 32-32.3V64.3c0-17.8-14.4-32.3-32-32.3zM135.4 416H69V202.2h66.5V416zm-33.2-243c-21.3 0-38.5-17.3-38.5-38.5S80.9 96 102.2 96c21.2 0 38.5 17.3 38.5 38.5 0 21.3-17.2 38.5-38.5 38.5zm282.1 243h-66.4V312c0-24.8-.5-56.7-34.5-56.7-34.6 0-39.9 27-39.9 54.9V416h-66.4V202.2h63.7v29.2h.9c8.9-16.8 30.6-34.5 62.9-34.5 67.2 0 79.7 44.3 79.7 101.9V416z\"><\/path><\/svg>\t\t\t\t\t\t\t<\/span>\n\t\t\t\t\t\t\t\t\t\t\t\t\t\t\t\t\t\t\t\t\t\t<div class=\"elementor-share-btn__text\">\n\t\t\t\t\t\t\t\t\t\t\t\t\t\t\t\t\t\t\t<span class=\"elementor-share-btn__title\">\n\t\t\t\t\t\t\t\t\t\tLinkedIn\t\t\t\t\t\t\t\t\t<\/span>\n\t\t\t\t\t\t\t\t\t\t\t\t\t\t\t\t\t<\/div>\n\t\t\t\t\t\t\t\t\t\t\t\t\t<\/div>\n\t\t\t\t\t<\/div>\n\t\t\t\t\t\t\t\t\t<div class=\"elementor-grid-item\" role=\"listitem\">\n\t\t\t\t\t\t<div class=\"elementor-share-btn elementor-share-btn_email\" role=\"button\" tabindex=\"0\" aria-label=\"Partager sur email\">\n\t\t\t\t\t\t\t\t\t\t\t\t\t\t\t<span class=\"elementor-share-btn__icon\">\n\t\t\t\t\t\t\t\t<svg aria-hidden=\"true\" class=\"e-font-icon-svg e-fas-envelope\" viewBox=\"0 0 512 512\" xmlns=\"http:\/\/www.w3.org\/2000\/svg\"><path d=\"M502.3 190.8c3.9-3.1 9.7-.2 9.7 4.7V400c0 26.5-21.5 48-48 48H48c-26.5 0-48-21.5-48-48V195.6c0-5 5.7-7.8 9.7-4.7 22.4 17.4 52.1 39.5 154.1 113.6 21.1 15.4 56.7 47.8 92.2 47.6 35.7.3 72-32.8 92.3-47.6 102-74.1 131.6-96.3 154-113.7zM256 320c23.2.4 56.6-29.2 73.4-41.4 132.7-96.3 142.8-104.7 173.4-128.7 5.8-4.5 9.2-11.5 9.2-18.9v-19c0-26.5-21.5-48-48-48H48C21.5 64 0 85.5 0 112v19c0 7.4 3.4 14.3 9.2 18.9 30.6 23.9 40.7 32.4 173.4 128.7 16.8 12.2 50.2 41.8 73.4 41.4z\"><\/path><\/svg>\t\t\t\t\t\t\t<\/span>\n\t\t\t\t\t\t\t\t\t\t\t\t\t\t\t\t\t\t\t\t\t\t<div class=\"elementor-share-btn__text\">\n\t\t\t\t\t\t\t\t\t\t\t\t\t\t\t\t\t\t\t<span class=\"elementor-share-btn__title\">\n\t\t\t\t\t\t\t\t\t\tEmail\t\t\t\t\t\t\t\t\t<\/span>\n\t\t\t\t\t\t\t\t\t\t\t\t\t\t\t\t\t<\/div>\n\t\t\t\t\t\t\t\t\t\t\t\t\t<\/div>\n\t\t\t\t\t<\/div>\n\t\t\t\t\t\t\t\t\t<div class=\"elementor-grid-item\" role=\"listitem\">\n\t\t\t\t\t\t<div class=\"elementor-share-btn elementor-share-btn_whatsapp\" role=\"button\" tabindex=\"0\" aria-label=\"Partager sur whatsapp\">\n\t\t\t\t\t\t\t\t\t\t\t\t\t\t\t<span class=\"elementor-share-btn__icon\">\n\t\t\t\t\t\t\t\t<svg aria-hidden=\"true\" class=\"e-font-icon-svg e-fab-whatsapp\" viewBox=\"0 0 448 512\" xmlns=\"http:\/\/www.w3.org\/2000\/svg\"><path d=\"M380.9 97.1C339 55.1 283.2 32 223.9 32c-122.4 0-222 99.6-222 222 0 39.1 10.2 77.3 29.6 111L0 480l117.7-30.9c32.4 17.7 68.9 27 106.1 27h.1c122.3 0 224.1-99.6 224.1-222 0-59.3-25.2-115-67.1-157zm-157 341.6c-33.2 0-65.7-8.9-94-25.7l-6.7-4-69.8 18.3L72 359.2l-4.4-7c-18.5-29.4-28.2-63.3-28.2-98.2 0-101.7 82.8-184.5 184.6-184.5 49.3 0 95.6 19.2 130.4 54.1 34.8 34.9 56.2 81.2 56.1 130.5 0 101.8-84.9 184.6-186.6 184.6zm101.2-138.2c-5.5-2.8-32.8-16.2-37.9-18-5.1-1.9-8.8-2.8-12.5 2.8-3.7 5.6-14.3 18-17.6 21.8-3.2 3.7-6.5 4.2-12 1.4-32.6-16.3-54-29.1-75.5-66-5.7-9.8 5.7-9.1 16.3-30.3 1.8-3.7.9-6.9-.5-9.7-1.4-2.8-12.5-30.1-17.1-41.2-4.5-10.8-9.1-9.3-12.5-9.5-3.2-.2-6.9-.2-10.6-.2-3.7 0-9.7 1.4-14.8 6.9-5.1 5.6-19.4 19-19.4 46.3 0 27.3 19.9 53.7 22.6 57.4 2.8 3.7 39.1 59.7 94.8 83.8 35.2 15.2 49 16.5 66.6 13.9 10.7-1.6 32.8-13.4 37.4-26.4 4.6-13 4.6-24.1 3.2-26.4-1.3-2.5-5-3.9-10.5-6.6z\"><\/path><\/svg>\t\t\t\t\t\t\t<\/span>\n\t\t\t\t\t\t\t\t\t\t\t\t\t\t\t\t\t\t\t\t\t\t<div class=\"elementor-share-btn__text\">\n\t\t\t\t\t\t\t\t\t\t\t\t\t\t\t\t\t\t\t<span class=\"elementor-share-btn__title\">\n\t\t\t\t\t\t\t\t\t\tWhatsApp\t\t\t\t\t\t\t\t\t<\/span>\n\t\t\t\t\t\t\t\t\t\t\t\t\t\t\t\t\t<\/div>\n\t\t\t\t\t\t\t\t\t\t\t\t\t<\/div>\n\t\t\t\t\t<\/div>\n\t\t\t\t\t\t\t\t\t<div class=\"elementor-grid-item\" role=\"listitem\">\n\t\t\t\t\t\t<div class=\"elementor-share-btn elementor-share-btn_print\" role=\"button\" tabindex=\"0\" aria-label=\"Partager sur print\">\n\t\t\t\t\t\t\t\t\t\t\t\t\t\t\t<span class=\"elementor-share-btn__icon\">\n\t\t\t\t\t\t\t\t<svg aria-hidden=\"true\" class=\"e-font-icon-svg e-fas-print\" viewBox=\"0 0 512 512\" xmlns=\"http:\/\/www.w3.org\/2000\/svg\"><path d=\"M448 192V77.25c0-8.49-3.37-16.62-9.37-22.63L393.37 9.37c-6-6-14.14-9.37-22.63-9.37H96C78.33 0 64 14.33 64 32v160c-35.35 0-64 28.65-64 64v112c0 8.84 7.16 16 16 16h48v96c0 17.67 14.33 32 32 32h320c17.67 0 32-14.33 32-32v-96h48c8.84 0 16-7.16 16-16V256c0-35.35-28.65-64-64-64zm-64 256H128v-96h256v96zm0-224H128V64h192v48c0 8.84 7.16 16 16 16h48v96zm48 72c-13.25 0-24-10.75-24-24 0-13.26 10.75-24 24-24s24 10.74 24 24c0 13.25-10.75 24-24 24z\"><\/path><\/svg>\t\t\t\t\t\t\t<\/span>\n\t\t\t\t\t\t\t\t\t\t\t\t\t\t\t\t\t\t\t\t\t\t<div class=\"elementor-share-btn__text\">\n\t\t\t\t\t\t\t\t\t\t\t\t\t\t\t\t\t\t\t<span class=\"elementor-share-btn__title\">\n\t\t\t\t\t\t\t\t\t\tPrint\t\t\t\t\t\t\t\t\t<\/span>\n\t\t\t\t\t\t\t\t\t\t\t\t\t\t\t\t\t<\/div>\n\t\t\t\t\t\t\t\t\t\t\t\t\t<\/div>\n\t\t\t\t\t<\/div>\n\t\t\t\t\t\t<\/div>\n\t\t\t\t\t\t<\/div>\n\t\t\t\t<\/div>\n\t\t\t\t\t<\/div>\n\t\t\t\t<\/div>\n\t\t\t\t<\/div>\n\t\t","protected":false},"excerpt":{"rendered":"<p>Actifs en d\u00e9sh\u00e9rence Le gouvernement f\u00e9d\u00e9ral allemand a command\u00e9 une \u00e9tude sur les avoirs en d\u00e9sh\u00e9rence (rapport final pour la R\u00e9publique f\u00e9d\u00e9rale d&rsquo;Allemagne, repr\u00e9sent\u00e9e par le minist\u00e8re f\u00e9d\u00e9ral de l&rsquo;\u00c9ducation et de la Recherche, pr\u00e9par\u00e9 par Schalast Partner und Rechtsanw\u00e4lte mbB, Francfort-sur-le-Main 30 avril 2021, avis juridique sur la possibilit\u00e9 de transf\u00e9rer les fonds des [&hellip;]<\/p>\n","protected":false},"author":1,"featured_media":0,"parent":0,"menu_order":400,"comment_status":"closed","ping_status":"closed","template":"","meta":{"footnotes":""},"class_list":["post-2650","page","type-page","status-publish","hentry"],"yoast_head":"<!-- This site is optimized with the Yoast SEO plugin v27.2 - https:\/\/yoast.com\/product\/yoast-seo-wordpress\/ -->\n<title>Actifs en d\u00e9sh\u00e9rence - Sparkasse an Volme und Ruhr enteignung von J\u00fcdischen Bankguthaben<\/title>\n<meta name=\"robots\" content=\"index, follow, max-snippet:-1, max-image-preview:large, max-video-preview:-1\" \/>\n<link rel=\"canonical\" href=\"https:\/\/simson-cohen.de\/fr\/actifs-en-desherence\/\" \/>\n<meta property=\"og:locale\" content=\"fr_FR\" \/>\n<meta property=\"og:type\" content=\"article\" \/>\n<meta property=\"og:title\" content=\"Actifs en d\u00e9sh\u00e9rence - Sparkasse an Volme und Ruhr enteignung von J\u00fcdischen Bankguthaben\" \/>\n<meta property=\"og:description\" content=\"Actifs en d\u00e9sh\u00e9rence Le gouvernement f\u00e9d\u00e9ral allemand a command\u00e9 une \u00e9tude sur les avoirs en d\u00e9sh\u00e9rence (rapport final pour la R\u00e9publique f\u00e9d\u00e9rale d&rsquo;Allemagne, repr\u00e9sent\u00e9e par le minist\u00e8re f\u00e9d\u00e9ral de l&rsquo;\u00c9ducation et de la Recherche, pr\u00e9par\u00e9 par Schalast Partner und Rechtsanw\u00e4lte mbB, Francfort-sur-le-Main 30 avril 2021, avis juridique sur la possibilit\u00e9 de transf\u00e9rer les fonds des [&hellip;]\" \/>\n<meta property=\"og:url\" content=\"https:\/\/simson-cohen.de\/fr\/actifs-en-desherence\/\" \/>\n<meta property=\"og:site_name\" content=\"Sparkasse an Volme und Ruhr enteignung von J\u00fcdischen Bankguthaben\" \/>\n<meta property=\"article:modified_time\" content=\"2025-05-23T14:20:09+00:00\" \/>\n<meta name=\"twitter:card\" content=\"summary_large_image\" \/>\n<meta name=\"twitter:label1\" content=\"Dur\u00e9e de lecture estim\u00e9e\" \/>\n\t<meta name=\"twitter:data1\" content=\"4 minutes\" \/>\n<script type=\"application\/ld+json\" class=\"yoast-schema-graph\">{\"@context\":\"https:\/\/schema.org\",\"@graph\":[{\"@type\":\"WebPage\",\"@id\":\"https:\/\/simson-cohen.de\/fr\/actifs-en-desherence\/\",\"url\":\"https:\/\/simson-cohen.de\/fr\/actifs-en-desherence\/\",\"name\":\"Actifs en d\u00e9sh\u00e9rence - Sparkasse an Volme und Ruhr enteignung von J\u00fcdischen Bankguthaben\",\"isPartOf\":{\"@id\":\"https:\/\/simson-cohen.de\/fr\/#website\"},\"datePublished\":\"2024-11-26T07:43:20+00:00\",\"dateModified\":\"2025-05-23T14:20:09+00:00\",\"breadcrumb\":{\"@id\":\"https:\/\/simson-cohen.de\/fr\/actifs-en-desherence\/#breadcrumb\"},\"inLanguage\":\"fr-FR\",\"potentialAction\":[{\"@type\":\"ReadAction\",\"target\":[\"https:\/\/simson-cohen.de\/fr\/actifs-en-desherence\/\"]}]},{\"@type\":\"BreadcrumbList\",\"@id\":\"https:\/\/simson-cohen.de\/fr\/actifs-en-desherence\/#breadcrumb\",\"itemListElement\":[{\"@type\":\"ListItem\",\"position\":1,\"name\":\"Startseite\",\"item\":\"https:\/\/simson-cohen.de\/fr\/page-daccueil\/\"},{\"@type\":\"ListItem\",\"position\":2,\"name\":\"Actifs en d\u00e9sh\u00e9rence\"}]},{\"@type\":\"WebSite\",\"@id\":\"https:\/\/simson-cohen.de\/fr\/#website\",\"url\":\"https:\/\/simson-cohen.de\/fr\/\",\"name\":\"Sparkasse an Volme und Ruhr enteignung von J\u00fcdischen Bankguthaben\",\"description\":\"Rechtsstreit Arthur Levy Konto 4409 bei der Sparkasse an Volme und Ruhr\",\"publisher\":{\"@id\":\"https:\/\/simson-cohen.de\/fr\/#organization\"},\"potentialAction\":[{\"@type\":\"SearchAction\",\"target\":{\"@type\":\"EntryPoint\",\"urlTemplate\":\"https:\/\/simson-cohen.de\/fr\/?s={search_term_string}\"},\"query-input\":{\"@type\":\"PropertyValueSpecification\",\"valueRequired\":true,\"valueName\":\"search_term_string\"}}],\"inLanguage\":\"fr-FR\"},{\"@type\":\"Organization\",\"@id\":\"https:\/\/simson-cohen.de\/fr\/#organization\",\"name\":\"Sparkasse an Volme und Ruhr enteignung von J\u00fcdischen Bankguthaben\",\"url\":\"https:\/\/simson-cohen.de\/fr\/\",\"logo\":{\"@type\":\"ImageObject\",\"inLanguage\":\"fr-FR\",\"@id\":\"https:\/\/simson-cohen.de\/fr\/#\/schema\/logo\/image\/\",\"url\":\"https:\/\/simson-cohen.de\/wp-content\/uploads\/2024\/11\/K-IMG_5520.jpg\",\"contentUrl\":\"https:\/\/simson-cohen.de\/wp-content\/uploads\/2024\/11\/K-IMG_5520.jpg\",\"width\":1996,\"height\":1792,\"caption\":\"Sparkasse an Volme und Ruhr enteignung von J\u00fcdischen Bankguthaben\"},\"image\":{\"@id\":\"https:\/\/simson-cohen.de\/fr\/#\/schema\/logo\/image\/\"}}]}<\/script>\n<!-- \/ Yoast SEO plugin. -->","yoast_head_json":{"title":"Actifs en d\u00e9sh\u00e9rence - Sparkasse an Volme und Ruhr enteignung von J\u00fcdischen Bankguthaben","robots":{"index":"index","follow":"follow","max-snippet":"max-snippet:-1","max-image-preview":"max-image-preview:large","max-video-preview":"max-video-preview:-1"},"canonical":"https:\/\/simson-cohen.de\/fr\/actifs-en-desherence\/","og_locale":"fr_FR","og_type":"article","og_title":"Actifs en d\u00e9sh\u00e9rence - Sparkasse an Volme und Ruhr enteignung von J\u00fcdischen Bankguthaben","og_description":"Actifs en d\u00e9sh\u00e9rence Le gouvernement f\u00e9d\u00e9ral allemand a command\u00e9 une \u00e9tude sur les avoirs en d\u00e9sh\u00e9rence (rapport final pour la R\u00e9publique f\u00e9d\u00e9rale d&rsquo;Allemagne, repr\u00e9sent\u00e9e par le minist\u00e8re f\u00e9d\u00e9ral de l&rsquo;\u00c9ducation et de la Recherche, pr\u00e9par\u00e9 par Schalast Partner und Rechtsanw\u00e4lte mbB, Francfort-sur-le-Main 30 avril 2021, avis juridique sur la possibilit\u00e9 de transf\u00e9rer les fonds des [&hellip;]","og_url":"https:\/\/simson-cohen.de\/fr\/actifs-en-desherence\/","og_site_name":"Sparkasse an Volme und Ruhr enteignung von J\u00fcdischen Bankguthaben","article_modified_time":"2025-05-23T14:20:09+00:00","twitter_card":"summary_large_image","twitter_misc":{"Dur\u00e9e de lecture estim\u00e9e":"4 minutes"},"schema":{"@context":"https:\/\/schema.org","@graph":[{"@type":"WebPage","@id":"https:\/\/simson-cohen.de\/fr\/actifs-en-desherence\/","url":"https:\/\/simson-cohen.de\/fr\/actifs-en-desherence\/","name":"Actifs en d\u00e9sh\u00e9rence - Sparkasse an Volme und Ruhr enteignung von J\u00fcdischen Bankguthaben","isPartOf":{"@id":"https:\/\/simson-cohen.de\/fr\/#website"},"datePublished":"2024-11-26T07:43:20+00:00","dateModified":"2025-05-23T14:20:09+00:00","breadcrumb":{"@id":"https:\/\/simson-cohen.de\/fr\/actifs-en-desherence\/#breadcrumb"},"inLanguage":"fr-FR","potentialAction":[{"@type":"ReadAction","target":["https:\/\/simson-cohen.de\/fr\/actifs-en-desherence\/"]}]},{"@type":"BreadcrumbList","@id":"https:\/\/simson-cohen.de\/fr\/actifs-en-desherence\/#breadcrumb","itemListElement":[{"@type":"ListItem","position":1,"name":"Startseite","item":"https:\/\/simson-cohen.de\/fr\/page-daccueil\/"},{"@type":"ListItem","position":2,"name":"Actifs en d\u00e9sh\u00e9rence"}]},{"@type":"WebSite","@id":"https:\/\/simson-cohen.de\/fr\/#website","url":"https:\/\/simson-cohen.de\/fr\/","name":"Sparkasse an Volme und Ruhr enteignung von J\u00fcdischen Bankguthaben","description":"Rechtsstreit Arthur Levy Konto 4409 bei der Sparkasse an Volme und Ruhr","publisher":{"@id":"https:\/\/simson-cohen.de\/fr\/#organization"},"potentialAction":[{"@type":"SearchAction","target":{"@type":"EntryPoint","urlTemplate":"https:\/\/simson-cohen.de\/fr\/?s={search_term_string}"},"query-input":{"@type":"PropertyValueSpecification","valueRequired":true,"valueName":"search_term_string"}}],"inLanguage":"fr-FR"},{"@type":"Organization","@id":"https:\/\/simson-cohen.de\/fr\/#organization","name":"Sparkasse an Volme und Ruhr enteignung von J\u00fcdischen Bankguthaben","url":"https:\/\/simson-cohen.de\/fr\/","logo":{"@type":"ImageObject","inLanguage":"fr-FR","@id":"https:\/\/simson-cohen.de\/fr\/#\/schema\/logo\/image\/","url":"https:\/\/simson-cohen.de\/wp-content\/uploads\/2024\/11\/K-IMG_5520.jpg","contentUrl":"https:\/\/simson-cohen.de\/wp-content\/uploads\/2024\/11\/K-IMG_5520.jpg","width":1996,"height":1792,"caption":"Sparkasse an Volme und Ruhr enteignung von J\u00fcdischen Bankguthaben"},"image":{"@id":"https:\/\/simson-cohen.de\/fr\/#\/schema\/logo\/image\/"}}]}},"_links":{"self":[{"href":"https:\/\/simson-cohen.de\/fr\/wp-json\/wp\/v2\/pages\/2650","targetHints":{"allow":["GET"]}}],"collection":[{"href":"https:\/\/simson-cohen.de\/fr\/wp-json\/wp\/v2\/pages"}],"about":[{"href":"https:\/\/simson-cohen.de\/fr\/wp-json\/wp\/v2\/types\/page"}],"author":[{"embeddable":true,"href":"https:\/\/simson-cohen.de\/fr\/wp-json\/wp\/v2\/users\/1"}],"replies":[{"embeddable":true,"href":"https:\/\/simson-cohen.de\/fr\/wp-json\/wp\/v2\/comments?post=2650"}],"version-history":[{"count":3,"href":"https:\/\/simson-cohen.de\/fr\/wp-json\/wp\/v2\/pages\/2650\/revisions"}],"predecessor-version":[{"id":4067,"href":"https:\/\/simson-cohen.de\/fr\/wp-json\/wp\/v2\/pages\/2650\/revisions\/4067"}],"wp:attachment":[{"href":"https:\/\/simson-cohen.de\/fr\/wp-json\/wp\/v2\/media?parent=2650"}],"curies":[{"name":"wp","href":"https:\/\/api.w.org\/{rel}","templated":true}]}}