{"id":2662,"date":"2024-11-26T08:43:28","date_gmt":"2024-11-26T07:43:28","guid":{"rendered":"https:\/\/simson-cohen.de\/caisse-depargne-de-francfort\/"},"modified":"2025-01-06T17:59:54","modified_gmt":"2025-01-06T16:59:54","slug":"caisse-depargne-de-francfort","status":"publish","type":"page","link":"https:\/\/simson-cohen.de\/fr\/caisse-depargne-de-francfort\/","title":{"rendered":"Caisse d&rsquo;\u00e9pargne de Francfort"},"content":{"rendered":"\t\t<div data-elementor-type=\"wp-page\" data-elementor-id=\"2662\" class=\"elementor elementor-2662 elementor-687\" data-elementor-post-type=\"page\">\n\t\t\t\t<div class=\"elementor-element elementor-element-f2179a2 e-flex e-con-boxed e-con e-parent\" data-id=\"f2179a2\" data-element_type=\"container\" data-e-type=\"container\">\n\t\t\t\t\t<div class=\"e-con-inner\">\n\t\t\t\t<div class=\"elementor-element elementor-element-912e6d7 elementor-widget elementor-widget-spacer\" data-id=\"912e6d7\" data-element_type=\"widget\" data-e-type=\"widget\" data-widget_type=\"spacer.default\">\n\t\t\t\t<div class=\"elementor-widget-container\">\n\t\t\t\t\t\t\t<div class=\"elementor-spacer\">\n\t\t\t<div class=\"elementor-spacer-inner\"><\/div>\n\t\t<\/div>\n\t\t\t\t\t\t<\/div>\n\t\t\t\t<\/div>\n\t\t\t\t<div class=\"elementor-element elementor-element-819902c elementor-widget elementor-widget-heading\" data-id=\"819902c\" data-element_type=\"widget\" data-e-type=\"widget\" data-widget_type=\"heading.default\">\n\t\t\t\t<div class=\"elementor-widget-container\">\n\t\t\t\t\t<h2 class=\"elementor-heading-title elementor-size-default\">Caisse d'\u00e9pargne de Francfort<\/h2>\t\t\t\t<\/div>\n\t\t\t\t<\/div>\n\t\t\t\t\t<\/div>\n\t\t\t\t<\/div>\n\t\t<div class=\"elementor-element elementor-element-9e7a5f8 e-flex e-con-boxed e-con e-parent\" data-id=\"9e7a5f8\" data-element_type=\"container\" data-e-type=\"container\">\n\t\t\t\t\t<div class=\"e-con-inner\">\n\t\t\t\t<div class=\"elementor-element elementor-element-573d88f elementor-widget elementor-widget-text-editor\" data-id=\"573d88f\" data-element_type=\"widget\" data-e-type=\"widget\" data-widget_type=\"text-editor.default\">\n\t\t\t\t<div class=\"elementor-widget-container\">\n\t\t\t\t\t\t\t\t\t<p>L&rsquo;<a href=\"http:\/\/www.ralfroth.de\/\" target=\"_blank\" rel=\"noopener\">historien Ralf Roth<\/a> a \u00e9t\u00e9 charg\u00e9 par l&rsquo;<a href=\"https:\/\/www.ibf-frankfurt.de\/\" target=\"_blank\" rel=\"noopener\">Institut pour les affaires bancaires et financi\u00e8res (IBF)<\/a> de retracer les \u00e9v\u00e9nements historiques de la <a href=\"https:\/\/www.frankfurter-sparkasse.de\/de\/home.html\" target=\"_blank\" rel=\"noopener\">Frankfurter Sparkasse<\/a> jusqu&rsquo;en 1945, \u00e0 l&rsquo;occasion de son 200e anniversaire. Il a d\u00e9couvert que des milliers d&rsquo;avoirs ont \u00e9t\u00e9 soustraits aux titulaires de comptes juifs et expropri\u00e9s apr\u00e8s leur d\u00e9portation ou leur fuite. Apr\u00e8s la guerre, la Sparkasse n&rsquo;a jamais assum\u00e9 ses responsabilit\u00e9s.    <\/p>\n<p>L&rsquo;exemple de la Frankfurter Sparkasse montre une fois de plus que les caisses d&rsquo;\u00e9pargne allemandes ont collabor\u00e9 volontairement avec le r\u00e9gime nazi. Les avoirs bancaires expropri\u00e9s ont servi \u00e0 <a href=\"https:\/\/www.stern.de\/wirtschaft\/news\/sparkasse--ns-vergangenheit-wird-in-norden-aufgearbeitet-6202806.html\" target=\"_blank\" rel=\"noopener\">financer<\/a> la <a href=\"https:\/\/www.stern.de\/wirtschaft\/news\/sparkasse--ns-vergangenheit-wird-in-norden-aufgearbeitet-6202806.html\" target=\"_blank\" rel=\"noopener\">guerre d&rsquo;extermination men\u00e9e par l&rsquo;Allemagne nazie.<\/a> Les caisses d&rsquo;\u00e9pargne se sont donc adapt\u00e9es sans r\u00e9sistance au syst\u00e8me nazi et ont contribu\u00e9 au bon fonctionnement de la vie \u00e9conomique.   <\/p>\n<p>Citation de l&rsquo;historien Ralf Roth : \u00ab\u00a0Celui qui participe aux d\u00e9cisions dans le cadre d&rsquo;un syst\u00e8me criminel se rend complice\u00a0\u00bb.<\/p>\n<p>Entre-temps, le <a href=\"https:\/\/www.fritz-bauer-institut.de\/\" target=\"_blank\" rel=\"noopener\">Fritz Bauer Institut<\/a> a \u00e9t\u00e9 charg\u00e9 d&rsquo;\u00e9tudier l&rsquo;histoire de la Frankfurter Sparkasse pendant la p\u00e9riode nazie. Les r\u00e9sultats de cette \u00e9tude sont encore attendus <\/p>\n<p>L&rsquo;<a href=\"https:\/\/simson-cohen.de\/nachrichtenlose-vermoegenswerte\/\">\u00e9tude<\/a> command\u00e9e par le gouvernement allemand <a href=\"https:\/\/simson-cohen.de\/nachrichtenlose-vermoegenswerte\/\">sur les avoirs en d\u00e9sh\u00e9rence<\/a> (Social Impact Fonds) montre en outre que les caisses d&rsquo;\u00e9pargne allemandes n&rsquo;ont pas suffisamment respect\u00e9 leur obligation de tenir des comptes sur les avoirs en d\u00e9sh\u00e9rence et donc aussi sur les avoirs bancaires juifs spoli\u00e9s (\u00ab\u00a0comptes dormants\u00a0\u00bb) ; \u00e0 cet \u00e9gard, une banque doit utiliser tous les canaux de communication pour retrouver les descendants des titulaires de comptes ayant droit \u00e0 la succession. On peut supposer qu&rsquo;il existe encore quelques milliards d&rsquo;euros de \u00ab\u00a0comptes dormants\u00a0\u00bb en Allemagne. <\/p>\n\t\t\t\t\t\t\t\t<\/div>\n\t\t\t\t<\/div>\n\t\t\t\t\t<\/div>\n\t\t\t\t<\/div>\n\t\t\t\t<\/div>\n\t\t","protected":false},"excerpt":{"rendered":"<p>Caisse d&rsquo;\u00e9pargne de Francfort L&rsquo;historien Ralf Roth a \u00e9t\u00e9 charg\u00e9 par l&rsquo;Institut pour les affaires bancaires et financi\u00e8res (IBF) de retracer les \u00e9v\u00e9nements historiques de la Frankfurter Sparkasse jusqu&rsquo;en 1945, \u00e0 l&rsquo;occasion de son 200e anniversaire. Il a d\u00e9couvert que des milliers d&rsquo;avoirs ont \u00e9t\u00e9 soustraits aux titulaires de comptes juifs et expropri\u00e9s apr\u00e8s leur [&hellip;]<\/p>\n","protected":false},"author":1,"featured_media":0,"parent":0,"menu_order":300,"comment_status":"closed","ping_status":"closed","template":"","meta":{"footnotes":""},"class_list":["post-2662","page","type-page","status-publish","hentry"],"yoast_head":"<!-- This site is optimized with the Yoast SEO plugin v27.2 - https:\/\/yoast.com\/product\/yoast-seo-wordpress\/ -->\n<title>Caisse d&#039;\u00e9pargne de Francfort - Sparkasse an Volme und Ruhr enteignung von J\u00fcdischen Bankguthaben<\/title>\n<meta name=\"robots\" content=\"index, follow, max-snippet:-1, max-image-preview:large, max-video-preview:-1\" \/>\n<link rel=\"canonical\" href=\"https:\/\/simson-cohen.de\/fr\/caisse-depargne-de-francfort\/\" \/>\n<meta property=\"og:locale\" content=\"fr_FR\" \/>\n<meta property=\"og:type\" content=\"article\" \/>\n<meta property=\"og:title\" content=\"Caisse d&#039;\u00e9pargne de Francfort - Sparkasse an Volme und Ruhr enteignung von J\u00fcdischen Bankguthaben\" \/>\n<meta property=\"og:description\" content=\"Caisse d&rsquo;\u00e9pargne de Francfort L&rsquo;historien Ralf Roth a \u00e9t\u00e9 charg\u00e9 par l&rsquo;Institut pour les affaires bancaires et financi\u00e8res (IBF) de retracer les \u00e9v\u00e9nements historiques de la Frankfurter Sparkasse jusqu&rsquo;en 1945, \u00e0 l&rsquo;occasion de son 200e anniversaire. Il a d\u00e9couvert que des milliers d&rsquo;avoirs ont \u00e9t\u00e9 soustraits aux titulaires de comptes juifs et expropri\u00e9s apr\u00e8s leur [&hellip;]\" \/>\n<meta property=\"og:url\" content=\"https:\/\/simson-cohen.de\/fr\/caisse-depargne-de-francfort\/\" \/>\n<meta property=\"og:site_name\" content=\"Sparkasse an Volme und Ruhr enteignung von J\u00fcdischen Bankguthaben\" \/>\n<meta property=\"article:modified_time\" content=\"2025-01-06T16:59:54+00:00\" \/>\n<meta name=\"twitter:card\" content=\"summary_large_image\" \/>\n<meta name=\"twitter:label1\" content=\"Dur\u00e9e de lecture estim\u00e9e\" \/>\n\t<meta name=\"twitter:data1\" content=\"1 minute\" \/>\n<script type=\"application\/ld+json\" class=\"yoast-schema-graph\">{\"@context\":\"https:\/\/schema.org\",\"@graph\":[{\"@type\":\"WebPage\",\"@id\":\"https:\/\/simson-cohen.de\/fr\/caisse-depargne-de-francfort\/\",\"url\":\"https:\/\/simson-cohen.de\/fr\/caisse-depargne-de-francfort\/\",\"name\":\"Caisse d'\u00e9pargne de Francfort - Sparkasse an Volme und Ruhr enteignung von J\u00fcdischen Bankguthaben\",\"isPartOf\":{\"@id\":\"https:\/\/simson-cohen.de\/fr\/#website\"},\"datePublished\":\"2024-11-26T07:43:28+00:00\",\"dateModified\":\"2025-01-06T16:59:54+00:00\",\"breadcrumb\":{\"@id\":\"https:\/\/simson-cohen.de\/fr\/caisse-depargne-de-francfort\/#breadcrumb\"},\"inLanguage\":\"fr-FR\",\"potentialAction\":[{\"@type\":\"ReadAction\",\"target\":[\"https:\/\/simson-cohen.de\/fr\/caisse-depargne-de-francfort\/\"]}]},{\"@type\":\"BreadcrumbList\",\"@id\":\"https:\/\/simson-cohen.de\/fr\/caisse-depargne-de-francfort\/#breadcrumb\",\"itemListElement\":[{\"@type\":\"ListItem\",\"position\":1,\"name\":\"Startseite\",\"item\":\"https:\/\/simson-cohen.de\/fr\/page-daccueil\/\"},{\"@type\":\"ListItem\",\"position\":2,\"name\":\"Caisse d&#8217;\u00e9pargne de Francfort\"}]},{\"@type\":\"WebSite\",\"@id\":\"https:\/\/simson-cohen.de\/fr\/#website\",\"url\":\"https:\/\/simson-cohen.de\/fr\/\",\"name\":\"Sparkasse an Volme und Ruhr enteignung von J\u00fcdischen Bankguthaben\",\"description\":\"Rechtsstreit Arthur Levy Konto 4409 bei der Sparkasse an Volme und Ruhr\",\"publisher\":{\"@id\":\"https:\/\/simson-cohen.de\/fr\/#organization\"},\"potentialAction\":[{\"@type\":\"SearchAction\",\"target\":{\"@type\":\"EntryPoint\",\"urlTemplate\":\"https:\/\/simson-cohen.de\/fr\/?s={search_term_string}\"},\"query-input\":{\"@type\":\"PropertyValueSpecification\",\"valueRequired\":true,\"valueName\":\"search_term_string\"}}],\"inLanguage\":\"fr-FR\"},{\"@type\":\"Organization\",\"@id\":\"https:\/\/simson-cohen.de\/fr\/#organization\",\"name\":\"Sparkasse an Volme und Ruhr enteignung von J\u00fcdischen Bankguthaben\",\"url\":\"https:\/\/simson-cohen.de\/fr\/\",\"logo\":{\"@type\":\"ImageObject\",\"inLanguage\":\"fr-FR\",\"@id\":\"https:\/\/simson-cohen.de\/fr\/#\/schema\/logo\/image\/\",\"url\":\"https:\/\/simson-cohen.de\/wp-content\/uploads\/2024\/11\/K-IMG_5520.jpg\",\"contentUrl\":\"https:\/\/simson-cohen.de\/wp-content\/uploads\/2024\/11\/K-IMG_5520.jpg\",\"width\":1996,\"height\":1792,\"caption\":\"Sparkasse an Volme und Ruhr enteignung von J\u00fcdischen Bankguthaben\"},\"image\":{\"@id\":\"https:\/\/simson-cohen.de\/fr\/#\/schema\/logo\/image\/\"}}]}<\/script>\n<!-- \/ Yoast SEO plugin. -->","yoast_head_json":{"title":"Caisse d'\u00e9pargne de Francfort - Sparkasse an Volme und Ruhr enteignung von J\u00fcdischen Bankguthaben","robots":{"index":"index","follow":"follow","max-snippet":"max-snippet:-1","max-image-preview":"max-image-preview:large","max-video-preview":"max-video-preview:-1"},"canonical":"https:\/\/simson-cohen.de\/fr\/caisse-depargne-de-francfort\/","og_locale":"fr_FR","og_type":"article","og_title":"Caisse d'\u00e9pargne de Francfort - Sparkasse an Volme und Ruhr enteignung von J\u00fcdischen Bankguthaben","og_description":"Caisse d&rsquo;\u00e9pargne de Francfort L&rsquo;historien Ralf Roth a \u00e9t\u00e9 charg\u00e9 par l&rsquo;Institut pour les affaires bancaires et financi\u00e8res (IBF) de retracer les \u00e9v\u00e9nements historiques de la Frankfurter Sparkasse jusqu&rsquo;en 1945, \u00e0 l&rsquo;occasion de son 200e anniversaire. Il a d\u00e9couvert que des milliers d&rsquo;avoirs ont \u00e9t\u00e9 soustraits aux titulaires de comptes juifs et expropri\u00e9s apr\u00e8s leur [&hellip;]","og_url":"https:\/\/simson-cohen.de\/fr\/caisse-depargne-de-francfort\/","og_site_name":"Sparkasse an Volme und Ruhr enteignung von J\u00fcdischen Bankguthaben","article_modified_time":"2025-01-06T16:59:54+00:00","twitter_card":"summary_large_image","twitter_misc":{"Dur\u00e9e de lecture estim\u00e9e":"1 minute"},"schema":{"@context":"https:\/\/schema.org","@graph":[{"@type":"WebPage","@id":"https:\/\/simson-cohen.de\/fr\/caisse-depargne-de-francfort\/","url":"https:\/\/simson-cohen.de\/fr\/caisse-depargne-de-francfort\/","name":"Caisse d'\u00e9pargne de Francfort - Sparkasse an Volme und Ruhr enteignung von J\u00fcdischen Bankguthaben","isPartOf":{"@id":"https:\/\/simson-cohen.de\/fr\/#website"},"datePublished":"2024-11-26T07:43:28+00:00","dateModified":"2025-01-06T16:59:54+00:00","breadcrumb":{"@id":"https:\/\/simson-cohen.de\/fr\/caisse-depargne-de-francfort\/#breadcrumb"},"inLanguage":"fr-FR","potentialAction":[{"@type":"ReadAction","target":["https:\/\/simson-cohen.de\/fr\/caisse-depargne-de-francfort\/"]}]},{"@type":"BreadcrumbList","@id":"https:\/\/simson-cohen.de\/fr\/caisse-depargne-de-francfort\/#breadcrumb","itemListElement":[{"@type":"ListItem","position":1,"name":"Startseite","item":"https:\/\/simson-cohen.de\/fr\/page-daccueil\/"},{"@type":"ListItem","position":2,"name":"Caisse d&#8217;\u00e9pargne de Francfort"}]},{"@type":"WebSite","@id":"https:\/\/simson-cohen.de\/fr\/#website","url":"https:\/\/simson-cohen.de\/fr\/","name":"Sparkasse an Volme und Ruhr enteignung von J\u00fcdischen Bankguthaben","description":"Rechtsstreit Arthur Levy Konto 4409 bei der Sparkasse an Volme und Ruhr","publisher":{"@id":"https:\/\/simson-cohen.de\/fr\/#organization"},"potentialAction":[{"@type":"SearchAction","target":{"@type":"EntryPoint","urlTemplate":"https:\/\/simson-cohen.de\/fr\/?s={search_term_string}"},"query-input":{"@type":"PropertyValueSpecification","valueRequired":true,"valueName":"search_term_string"}}],"inLanguage":"fr-FR"},{"@type":"Organization","@id":"https:\/\/simson-cohen.de\/fr\/#organization","name":"Sparkasse an Volme und Ruhr enteignung von J\u00fcdischen Bankguthaben","url":"https:\/\/simson-cohen.de\/fr\/","logo":{"@type":"ImageObject","inLanguage":"fr-FR","@id":"https:\/\/simson-cohen.de\/fr\/#\/schema\/logo\/image\/","url":"https:\/\/simson-cohen.de\/wp-content\/uploads\/2024\/11\/K-IMG_5520.jpg","contentUrl":"https:\/\/simson-cohen.de\/wp-content\/uploads\/2024\/11\/K-IMG_5520.jpg","width":1996,"height":1792,"caption":"Sparkasse an Volme und Ruhr enteignung von J\u00fcdischen Bankguthaben"},"image":{"@id":"https:\/\/simson-cohen.de\/fr\/#\/schema\/logo\/image\/"}}]}},"_links":{"self":[{"href":"https:\/\/simson-cohen.de\/fr\/wp-json\/wp\/v2\/pages\/2662","targetHints":{"allow":["GET"]}}],"collection":[{"href":"https:\/\/simson-cohen.de\/fr\/wp-json\/wp\/v2\/pages"}],"about":[{"href":"https:\/\/simson-cohen.de\/fr\/wp-json\/wp\/v2\/types\/page"}],"author":[{"embeddable":true,"href":"https:\/\/simson-cohen.de\/fr\/wp-json\/wp\/v2\/users\/1"}],"replies":[{"embeddable":true,"href":"https:\/\/simson-cohen.de\/fr\/wp-json\/wp\/v2\/comments?post=2662"}],"version-history":[{"count":2,"href":"https:\/\/simson-cohen.de\/fr\/wp-json\/wp\/v2\/pages\/2662\/revisions"}],"predecessor-version":[{"id":2666,"href":"https:\/\/simson-cohen.de\/fr\/wp-json\/wp\/v2\/pages\/2662\/revisions\/2666"}],"wp:attachment":[{"href":"https:\/\/simson-cohen.de\/fr\/wp-json\/wp\/v2\/media?parent=2662"}],"curies":[{"name":"wp","href":"https:\/\/api.w.org\/{rel}","templated":true}]}}