{"id":2688,"date":"2024-11-28T11:20:10","date_gmt":"2024-11-28T10:20:10","guid":{"rendered":"https:\/\/simson-cohen.de\/a-propos-de\/"},"modified":"2025-01-06T18:00:11","modified_gmt":"2025-01-06T17:00:11","slug":"a-propos-de","status":"publish","type":"page","link":"https:\/\/simson-cohen.de\/fr\/a-propos-de\/","title":{"rendered":"\u00c0 propos de"},"content":{"rendered":"\t\t<div data-elementor-type=\"wp-page\" data-elementor-id=\"2688\" class=\"elementor elementor-2688 elementor-1019\" data-elementor-post-type=\"page\">\n\t\t\t\t<div class=\"elementor-element elementor-element-3bc4c94 e-flex e-con-boxed e-con e-parent\" data-id=\"3bc4c94\" data-element_type=\"container\" data-e-type=\"container\">\n\t\t\t\t\t<div class=\"e-con-inner\">\n\t\t\t\t<div class=\"elementor-element elementor-element-f7ec1cd elementor-widget elementor-widget-spacer\" data-id=\"f7ec1cd\" data-element_type=\"widget\" data-e-type=\"widget\" data-widget_type=\"spacer.default\">\n\t\t\t\t<div class=\"elementor-widget-container\">\n\t\t\t\t\t\t\t<div class=\"elementor-spacer\">\n\t\t\t<div class=\"elementor-spacer-inner\"><\/div>\n\t\t<\/div>\n\t\t\t\t\t\t<\/div>\n\t\t\t\t<\/div>\n\t\t\t\t\t<\/div>\n\t\t\t\t<\/div>\n\t\t<div class=\"elementor-element elementor-element-9db6ff5 e-flex e-con-boxed e-con e-parent\" data-id=\"9db6ff5\" data-element_type=\"container\" data-e-type=\"container\">\n\t\t\t\t\t<div class=\"e-con-inner\">\n\t\t<div class=\"elementor-element elementor-element-17dd63c e-grid e-con-full e-con e-child\" data-id=\"17dd63c\" data-element_type=\"container\" data-e-type=\"container\">\n\t\t\t\t<div class=\"elementor-element elementor-element-c024ec1 elementor-widget elementor-widget-image\" data-id=\"c024ec1\" data-element_type=\"widget\" data-e-type=\"widget\" data-widget_type=\"image.default\">\n\t\t\t\t<div class=\"elementor-widget-container\">\n\t\t\t\t\t\t\t\t\t\t\t\t\t\t\t\t<a href=\"https:\/\/www.cityartists.de\/dietmar-schneider\" target=\"_blank\">\n\t\t\t\t\t\t\t<img fetchpriority=\"high\" decoding=\"async\" width=\"500\" height=\"701\" src=\"https:\/\/simson-cohen.de\/wp-content\/uploads\/2024\/11\/Portraet-Dietmar-Schneider.jpg\" class=\"attachment-large size-large wp-image-2690\" alt=\"\" srcset=\"https:\/\/simson-cohen.de\/wp-content\/uploads\/2024\/11\/Portraet-Dietmar-Schneider.jpg 500w, https:\/\/simson-cohen.de\/wp-content\/uploads\/2024\/11\/Portraet-Dietmar-Schneider-214x300.jpg 214w\" sizes=\"(max-width: 500px) 100vw, 500px\" \/>\t\t\t\t\t\t\t\t<\/a>\n\t\t\t\t\t\t\t\t\t\t\t\t\t\t\t<\/div>\n\t\t\t\t<\/div>\n\t\t\t\t<div class=\"elementor-element elementor-element-bc51c1c elementor-widget elementor-widget-text-editor\" data-id=\"bc51c1c\" data-element_type=\"widget\" data-e-type=\"widget\" data-widget_type=\"text-editor.default\">\n\t\t\t\t<div class=\"elementor-widget-container\">\n\t\t\t\t\t\t\t\t\t<p><span style=\"color: #333333;\"><strong>CE QUE JE VEUX INSPIRER<\/strong><\/span><\/p>\n<p>Depuis plusieurs ann\u00e9es, je travaille principalement sur<\/p>\n<p>trois ou quatre th\u00e8mes principaux. Enti\u00e8rement <\/p>\n<p>actuellement apr\u00e8s un s\u00e9jour \u00e0 Hong Kong<\/p>\n<p>je transpose ce que j&rsquo;ai appris dans un nouveau groupe d&rsquo;\u0153uvres<\/p>\n<p>autour. Un autre sujet est abord\u00e9 sous <\/p>\n<p>entre autres, la religion chr\u00e9tienne en mutation<\/p>\n<p>du temps&#8230; \u00c0 propos du projet \u00ab\u00a0Le piano \u00e0<\/p>\n<p>de la Volme\u00a0\u00bb pour comm\u00e9morer et r\u00e9fl\u00e9chir<\/p>\n<p>le 80e anniversaire de la Nuit des Pogroms<\/p>\n<p>en 1938, que j&rsquo;ai \u00e9crit ensemble<\/p>\n<p>avec Slavica Stoltenhoff, je suis<\/p>\n<p>je me suis moi-m\u00eame enfonc\u00e9 encore plus dans le sujet.<\/p>\n<p>Le piano va maintenant se d\u00e9placer et<\/p>\n<p>Encourager les gens \u00e0 penser.<\/p>\n<p><span style=\"color: #333333;\"><strong>CE AVEC QUOI JE TRAVAILLE<\/strong><\/span><\/p>\n<p>A l&rsquo;origine, j&rsquo;ai commenc\u00e9 d\u00e9but 1982 \u00e0<\/p>\n<p>Papier et travaux de pulv\u00e9risation en ext\u00e9rieur.<\/p>\n<p>L&rsquo;espace public \u00e9tait et reste le<\/p>\n<p>auditoire le plus int\u00e9ressant. Personne ne sait <\/p>\n<p>quand et o\u00f9 cela se produit. La plupart du temps, je cherche <\/p>\n<p>je me suis procur\u00e9 des mat\u00e9riaux non disponibles dans le commerce<\/p>\n<p>peuvent \u00eatre utilis\u00e9s. Depuis la fin des ann\u00e9es 90 <\/p>\n<p>je travaille aussi dans l&rsquo;atelier. Depuis dix ans <\/p>\n<p>dans les locaux de la coop\u00e9rative K. La danse,<\/p>\n<p>le mouvement, que ce soit dans la rue ou sur<\/p>\n<p>la sc\u00e8ne, est \u00e9galement un d\u00e9clencheur pour moi,<\/p>\n<p>pour travailler avec de nouveaux mat\u00e9riaux sur des<\/p>\n<p>de faire na\u00eetre l&rsquo;art dans des lieux<\/p>\n<p>A l&rsquo;h\u00f4pital Marienhospital pour l&rsquo;opARTion, j&rsquo;ai pu<\/p>\n<p>mettre en \u0153uvre de nombreuses id\u00e9es.<\/p>\n\t\t\t\t\t\t\t\t<\/div>\n\t\t\t\t<\/div>\n\t\t\t\t<div class=\"elementor-element elementor-element-c15d246 elementor-widget elementor-widget-image\" data-id=\"c15d246\" data-element_type=\"widget\" data-e-type=\"widget\" data-widget_type=\"image.default\">\n\t\t\t\t<div class=\"elementor-widget-container\">\n\t\t\t\t\t\t\t\t\t\t\t\t\t\t\t<img decoding=\"async\" width=\"500\" height=\"667\" src=\"https:\/\/simson-cohen.de\/wp-content\/uploads\/2024\/11\/Portrait-Dietmar-Schneider_sw.jpg\" class=\"attachment-large size-large wp-image-2747\" alt=\"\" srcset=\"https:\/\/simson-cohen.de\/wp-content\/uploads\/2024\/11\/Portrait-Dietmar-Schneider_sw.jpg 500w, https:\/\/simson-cohen.de\/wp-content\/uploads\/2024\/11\/Portrait-Dietmar-Schneider_sw-225x300.jpg 225w\" sizes=\"(max-width: 500px) 100vw, 500px\" \/>\t\t\t\t\t\t\t\t\t\t\t\t\t\t\t<\/div>\n\t\t\t\t<\/div>\n\t\t\t\t<\/div>\n\t\t\t\t\t<\/div>\n\t\t\t\t<\/div>\n\t\t\t\t<\/div>\n\t\t","protected":false},"excerpt":{"rendered":"<p>CE QUE JE VEUX INSPIRER Depuis plusieurs ann\u00e9es, je travaille principalement sur trois ou quatre th\u00e8mes principaux. Enti\u00e8rement actuellement apr\u00e8s un s\u00e9jour \u00e0 Hong Kong je transpose ce que j&rsquo;ai appris dans un nouveau groupe d&rsquo;\u0153uvres autour. Un autre sujet est abord\u00e9 sous entre autres, la religion chr\u00e9tienne en mutation du temps&#8230; \u00c0 propos du [&hellip;]<\/p>\n","protected":false},"author":1,"featured_media":0,"parent":0,"menu_order":630,"comment_status":"closed","ping_status":"closed","template":"","meta":{"footnotes":""},"class_list":["post-2688","page","type-page","status-publish","hentry"],"yoast_head":"<!-- This site is optimized with the Yoast SEO plugin v27.2 - https:\/\/yoast.com\/product\/yoast-seo-wordpress\/ -->\n<title>\u00c0 propos de - Sparkasse an Volme und Ruhr enteignung von J\u00fcdischen Bankguthaben<\/title>\n<meta name=\"robots\" content=\"index, follow, max-snippet:-1, max-image-preview:large, max-video-preview:-1\" \/>\n<link rel=\"canonical\" href=\"https:\/\/simson-cohen.de\/fr\/a-propos-de\/\" \/>\n<meta property=\"og:locale\" content=\"fr_FR\" \/>\n<meta property=\"og:type\" content=\"article\" \/>\n<meta property=\"og:title\" content=\"\u00c0 propos de - Sparkasse an Volme und Ruhr enteignung von J\u00fcdischen Bankguthaben\" \/>\n<meta property=\"og:description\" content=\"CE QUE JE VEUX INSPIRER Depuis plusieurs ann\u00e9es, je travaille principalement sur trois ou quatre th\u00e8mes principaux. Enti\u00e8rement actuellement apr\u00e8s un s\u00e9jour \u00e0 Hong Kong je transpose ce que j&rsquo;ai appris dans un nouveau groupe d&rsquo;\u0153uvres autour. Un autre sujet est abord\u00e9 sous entre autres, la religion chr\u00e9tienne en mutation du temps&#8230; \u00c0 propos du [&hellip;]\" \/>\n<meta property=\"og:url\" content=\"https:\/\/simson-cohen.de\/fr\/a-propos-de\/\" \/>\n<meta property=\"og:site_name\" content=\"Sparkasse an Volme und Ruhr enteignung von J\u00fcdischen Bankguthaben\" \/>\n<meta property=\"article:modified_time\" content=\"2025-01-06T17:00:11+00:00\" \/>\n<meta property=\"og:image\" content=\"https:\/\/simson-cohen.de\/wp-content\/uploads\/2024\/11\/Portraet-Dietmar-Schneider.jpg\" \/>\n<meta name=\"twitter:card\" content=\"summary_large_image\" \/>\n<meta name=\"twitter:label1\" content=\"Dur\u00e9e de lecture estim\u00e9e\" \/>\n\t<meta name=\"twitter:data1\" content=\"1 minute\" \/>\n<script type=\"application\/ld+json\" class=\"yoast-schema-graph\">{\"@context\":\"https:\/\/schema.org\",\"@graph\":[{\"@type\":\"WebPage\",\"@id\":\"https:\/\/simson-cohen.de\/fr\/a-propos-de\/\",\"url\":\"https:\/\/simson-cohen.de\/fr\/a-propos-de\/\",\"name\":\"\u00c0 propos de - Sparkasse an Volme und Ruhr enteignung von J\u00fcdischen Bankguthaben\",\"isPartOf\":{\"@id\":\"https:\/\/simson-cohen.de\/fr\/#website\"},\"primaryImageOfPage\":{\"@id\":\"https:\/\/simson-cohen.de\/fr\/a-propos-de\/#primaryimage\"},\"image\":{\"@id\":\"https:\/\/simson-cohen.de\/fr\/a-propos-de\/#primaryimage\"},\"thumbnailUrl\":\"https:\/\/simson-cohen.de\/wp-content\/uploads\/2024\/11\/Portraet-Dietmar-Schneider.jpg\",\"datePublished\":\"2024-11-28T10:20:10+00:00\",\"dateModified\":\"2025-01-06T17:00:11+00:00\",\"breadcrumb\":{\"@id\":\"https:\/\/simson-cohen.de\/fr\/a-propos-de\/#breadcrumb\"},\"inLanguage\":\"fr-FR\",\"potentialAction\":[{\"@type\":\"ReadAction\",\"target\":[\"https:\/\/simson-cohen.de\/fr\/a-propos-de\/\"]}]},{\"@type\":\"ImageObject\",\"inLanguage\":\"fr-FR\",\"@id\":\"https:\/\/simson-cohen.de\/fr\/a-propos-de\/#primaryimage\",\"url\":\"https:\/\/simson-cohen.de\/wp-content\/uploads\/2024\/11\/Portraet-Dietmar-Schneider.jpg\",\"contentUrl\":\"https:\/\/simson-cohen.de\/wp-content\/uploads\/2024\/11\/Portraet-Dietmar-Schneider.jpg\"},{\"@type\":\"BreadcrumbList\",\"@id\":\"https:\/\/simson-cohen.de\/fr\/a-propos-de\/#breadcrumb\",\"itemListElement\":[{\"@type\":\"ListItem\",\"position\":1,\"name\":\"Startseite\",\"item\":\"https:\/\/simson-cohen.de\/fr\/page-daccueil\/\"},{\"@type\":\"ListItem\",\"position\":2,\"name\":\"\u00c0 propos de\"}]},{\"@type\":\"WebSite\",\"@id\":\"https:\/\/simson-cohen.de\/fr\/#website\",\"url\":\"https:\/\/simson-cohen.de\/fr\/\",\"name\":\"Sparkasse an Volme und Ruhr enteignung von J\u00fcdischen Bankguthaben\",\"description\":\"Rechtsstreit Arthur Levy Konto 4409 bei der Sparkasse an Volme und Ruhr\",\"publisher\":{\"@id\":\"https:\/\/simson-cohen.de\/fr\/#organization\"},\"potentialAction\":[{\"@type\":\"SearchAction\",\"target\":{\"@type\":\"EntryPoint\",\"urlTemplate\":\"https:\/\/simson-cohen.de\/fr\/?s={search_term_string}\"},\"query-input\":{\"@type\":\"PropertyValueSpecification\",\"valueRequired\":true,\"valueName\":\"search_term_string\"}}],\"inLanguage\":\"fr-FR\"},{\"@type\":\"Organization\",\"@id\":\"https:\/\/simson-cohen.de\/fr\/#organization\",\"name\":\"Sparkasse an Volme und Ruhr enteignung von J\u00fcdischen Bankguthaben\",\"url\":\"https:\/\/simson-cohen.de\/fr\/\",\"logo\":{\"@type\":\"ImageObject\",\"inLanguage\":\"fr-FR\",\"@id\":\"https:\/\/simson-cohen.de\/fr\/#\/schema\/logo\/image\/\",\"url\":\"https:\/\/simson-cohen.de\/wp-content\/uploads\/2024\/11\/K-IMG_5520.jpg\",\"contentUrl\":\"https:\/\/simson-cohen.de\/wp-content\/uploads\/2024\/11\/K-IMG_5520.jpg\",\"width\":1996,\"height\":1792,\"caption\":\"Sparkasse an Volme und Ruhr enteignung von J\u00fcdischen Bankguthaben\"},\"image\":{\"@id\":\"https:\/\/simson-cohen.de\/fr\/#\/schema\/logo\/image\/\"}}]}<\/script>\n<!-- \/ Yoast SEO plugin. -->","yoast_head_json":{"title":"\u00c0 propos de - Sparkasse an Volme und Ruhr enteignung von J\u00fcdischen Bankguthaben","robots":{"index":"index","follow":"follow","max-snippet":"max-snippet:-1","max-image-preview":"max-image-preview:large","max-video-preview":"max-video-preview:-1"},"canonical":"https:\/\/simson-cohen.de\/fr\/a-propos-de\/","og_locale":"fr_FR","og_type":"article","og_title":"\u00c0 propos de - Sparkasse an Volme und Ruhr enteignung von J\u00fcdischen Bankguthaben","og_description":"CE QUE JE VEUX INSPIRER Depuis plusieurs ann\u00e9es, je travaille principalement sur trois ou quatre th\u00e8mes principaux. Enti\u00e8rement actuellement apr\u00e8s un s\u00e9jour \u00e0 Hong Kong je transpose ce que j&rsquo;ai appris dans un nouveau groupe d&rsquo;\u0153uvres autour. Un autre sujet est abord\u00e9 sous entre autres, la religion chr\u00e9tienne en mutation du temps&#8230; \u00c0 propos du [&hellip;]","og_url":"https:\/\/simson-cohen.de\/fr\/a-propos-de\/","og_site_name":"Sparkasse an Volme und Ruhr enteignung von J\u00fcdischen Bankguthaben","article_modified_time":"2025-01-06T17:00:11+00:00","og_image":[{"url":"https:\/\/simson-cohen.de\/wp-content\/uploads\/2024\/11\/Portraet-Dietmar-Schneider.jpg","type":"","width":"","height":""}],"twitter_card":"summary_large_image","twitter_misc":{"Dur\u00e9e de lecture estim\u00e9e":"1 minute"},"schema":{"@context":"https:\/\/schema.org","@graph":[{"@type":"WebPage","@id":"https:\/\/simson-cohen.de\/fr\/a-propos-de\/","url":"https:\/\/simson-cohen.de\/fr\/a-propos-de\/","name":"\u00c0 propos de - Sparkasse an Volme und Ruhr enteignung von J\u00fcdischen Bankguthaben","isPartOf":{"@id":"https:\/\/simson-cohen.de\/fr\/#website"},"primaryImageOfPage":{"@id":"https:\/\/simson-cohen.de\/fr\/a-propos-de\/#primaryimage"},"image":{"@id":"https:\/\/simson-cohen.de\/fr\/a-propos-de\/#primaryimage"},"thumbnailUrl":"https:\/\/simson-cohen.de\/wp-content\/uploads\/2024\/11\/Portraet-Dietmar-Schneider.jpg","datePublished":"2024-11-28T10:20:10+00:00","dateModified":"2025-01-06T17:00:11+00:00","breadcrumb":{"@id":"https:\/\/simson-cohen.de\/fr\/a-propos-de\/#breadcrumb"},"inLanguage":"fr-FR","potentialAction":[{"@type":"ReadAction","target":["https:\/\/simson-cohen.de\/fr\/a-propos-de\/"]}]},{"@type":"ImageObject","inLanguage":"fr-FR","@id":"https:\/\/simson-cohen.de\/fr\/a-propos-de\/#primaryimage","url":"https:\/\/simson-cohen.de\/wp-content\/uploads\/2024\/11\/Portraet-Dietmar-Schneider.jpg","contentUrl":"https:\/\/simson-cohen.de\/wp-content\/uploads\/2024\/11\/Portraet-Dietmar-Schneider.jpg"},{"@type":"BreadcrumbList","@id":"https:\/\/simson-cohen.de\/fr\/a-propos-de\/#breadcrumb","itemListElement":[{"@type":"ListItem","position":1,"name":"Startseite","item":"https:\/\/simson-cohen.de\/fr\/page-daccueil\/"},{"@type":"ListItem","position":2,"name":"\u00c0 propos de"}]},{"@type":"WebSite","@id":"https:\/\/simson-cohen.de\/fr\/#website","url":"https:\/\/simson-cohen.de\/fr\/","name":"Sparkasse an Volme und Ruhr enteignung von J\u00fcdischen Bankguthaben","description":"Rechtsstreit Arthur Levy Konto 4409 bei der Sparkasse an Volme und Ruhr","publisher":{"@id":"https:\/\/simson-cohen.de\/fr\/#organization"},"potentialAction":[{"@type":"SearchAction","target":{"@type":"EntryPoint","urlTemplate":"https:\/\/simson-cohen.de\/fr\/?s={search_term_string}"},"query-input":{"@type":"PropertyValueSpecification","valueRequired":true,"valueName":"search_term_string"}}],"inLanguage":"fr-FR"},{"@type":"Organization","@id":"https:\/\/simson-cohen.de\/fr\/#organization","name":"Sparkasse an Volme und Ruhr enteignung von J\u00fcdischen Bankguthaben","url":"https:\/\/simson-cohen.de\/fr\/","logo":{"@type":"ImageObject","inLanguage":"fr-FR","@id":"https:\/\/simson-cohen.de\/fr\/#\/schema\/logo\/image\/","url":"https:\/\/simson-cohen.de\/wp-content\/uploads\/2024\/11\/K-IMG_5520.jpg","contentUrl":"https:\/\/simson-cohen.de\/wp-content\/uploads\/2024\/11\/K-IMG_5520.jpg","width":1996,"height":1792,"caption":"Sparkasse an Volme und Ruhr enteignung von J\u00fcdischen Bankguthaben"},"image":{"@id":"https:\/\/simson-cohen.de\/fr\/#\/schema\/logo\/image\/"}}]}},"_links":{"self":[{"href":"https:\/\/simson-cohen.de\/fr\/wp-json\/wp\/v2\/pages\/2688","targetHints":{"allow":["GET"]}}],"collection":[{"href":"https:\/\/simson-cohen.de\/fr\/wp-json\/wp\/v2\/pages"}],"about":[{"href":"https:\/\/simson-cohen.de\/fr\/wp-json\/wp\/v2\/types\/page"}],"author":[{"embeddable":true,"href":"https:\/\/simson-cohen.de\/fr\/wp-json\/wp\/v2\/users\/1"}],"replies":[{"embeddable":true,"href":"https:\/\/simson-cohen.de\/fr\/wp-json\/wp\/v2\/comments?post=2688"}],"version-history":[{"count":2,"href":"https:\/\/simson-cohen.de\/fr\/wp-json\/wp\/v2\/pages\/2688\/revisions"}],"predecessor-version":[{"id":2692,"href":"https:\/\/simson-cohen.de\/fr\/wp-json\/wp\/v2\/pages\/2688\/revisions\/2692"}],"wp:attachment":[{"href":"https:\/\/simson-cohen.de\/fr\/wp-json\/wp\/v2\/media?parent=2688"}],"curies":[{"name":"wp","href":"https:\/\/api.w.org\/{rel}","templated":true}]}}