{"id":2717,"date":"2024-11-25T06:53:26","date_gmt":"2024-11-25T05:53:26","guid":{"rendered":"https:\/\/simson-cohen.de\/contact\/"},"modified":"2025-01-06T18:00:12","modified_gmt":"2025-01-06T17:00:12","slug":"contact","status":"publish","type":"page","link":"https:\/\/simson-cohen.de\/fr\/contact\/","title":{"rendered":"Contact"},"content":{"rendered":"\t\t<div data-elementor-type=\"wp-page\" data-elementor-id=\"2717\" class=\"elementor elementor-2717 elementor-502\" data-elementor-post-type=\"page\">\n\t\t\t\t<div class=\"elementor-element elementor-element-39a098a e-flex e-con-boxed e-con e-parent\" data-id=\"39a098a\" data-element_type=\"container\" data-e-type=\"container\">\n\t\t\t\t\t<div class=\"e-con-inner\">\n\t\t\t\t<div class=\"elementor-element elementor-element-a4dc45d elementor-widget elementor-widget-spacer\" data-id=\"a4dc45d\" data-element_type=\"widget\" data-e-type=\"widget\" data-widget_type=\"spacer.default\">\n\t\t\t\t<div class=\"elementor-widget-container\">\n\t\t\t\t\t\t\t<div class=\"elementor-spacer\">\n\t\t\t<div class=\"elementor-spacer-inner\"><\/div>\n\t\t<\/div>\n\t\t\t\t\t\t<\/div>\n\t\t\t\t<\/div>\n\t\t\t\t<div class=\"elementor-element elementor-element-e1dafd8 elementor-widget elementor-widget-heading\" data-id=\"e1dafd8\" data-element_type=\"widget\" data-e-type=\"widget\" data-widget_type=\"heading.default\">\n\t\t\t\t<div class=\"elementor-widget-container\">\n\t\t\t\t\t<h2 class=\"elementor-heading-title elementor-size-default\">Formulaire de contact<\/h2>\t\t\t\t<\/div>\n\t\t\t\t<\/div>\n\t\t\t\t<div class=\"elementor-element elementor-element-1f43d84 elementor-button-align-stretch elementor-widget elementor-widget-form\" data-id=\"1f43d84\" data-element_type=\"widget\" data-e-type=\"widget\" data-settings=\"{&quot;step_next_label&quot;:&quot;Prochain&quot;,&quot;step_previous_label&quot;:&quot;Pr\\u00e9c\\u00e9dent&quot;,&quot;button_width&quot;:&quot;100&quot;,&quot;step_type&quot;:&quot;number_text&quot;,&quot;step_icon_shape&quot;:&quot;circle&quot;}\" data-widget_type=\"form.default\">\n\t\t\t\t<div class=\"elementor-widget-container\">\n\t\t\t\t\t\t\t<form class=\"elementor-form\" method=\"post\" name=\"Nouveau formulaire\" aria-label=\"Nouveau formulaire\">\n\t\t\t<input type=\"hidden\" name=\"post_id\" value=\"2717\"\/>\n\t\t\t<input type=\"hidden\" name=\"form_id\" value=\"1f43d84\"\/>\n\t\t\t<input type=\"hidden\" name=\"referer_title\" value=\"Contact - Sparkasse an Volme und Ruhr enteignung von J\u00fcdischen Bankguthaben\" \/>\n\n\t\t\t\t\t\t\t<input type=\"hidden\" name=\"queried_id\" value=\"2717\"\/>\n\t\t\t\n\t\t\t<div class=\"elementor-form-fields-wrapper elementor-labels-above\">\n\t\t\t\t\t\t\t\t<div class=\"elementor-field-type-text elementor-field-group elementor-column elementor-field-group-name elementor-col-100\">\n\t\t\t\t\t\t\t\t\t\t\t\t<label for=\"form-field-name\" class=\"elementor-field-label\">\n\t\t\t\t\t\t\t\tNom\t\t\t\t\t\t\t<\/label>\n\t\t\t\t\t\t\t\t\t\t\t\t\t\t<input size=\"1\" type=\"text\" name=\"form_fields[name]\" id=\"form-field-name\" class=\"elementor-field elementor-size-sm  elementor-field-textual\" placeholder=\"Nom\">\n\t\t\t\t\t\t\t\t\t\t\t<\/div>\n\t\t\t\t\t\t\t\t<div class=\"elementor-field-type-email elementor-field-group elementor-column elementor-field-group-email elementor-col-100 elementor-field-required elementor-mark-required\">\n\t\t\t\t\t\t\t\t\t\t\t\t<label for=\"form-field-email\" class=\"elementor-field-label\">\n\t\t\t\t\t\t\t\tE-mail\t\t\t\t\t\t\t<\/label>\n\t\t\t\t\t\t\t\t\t\t\t\t\t\t<input size=\"1\" type=\"email\" name=\"form_fields[email]\" id=\"form-field-email\" class=\"elementor-field elementor-size-sm  elementor-field-textual\" placeholder=\"E-mail\" required=\"required\">\n\t\t\t\t\t\t\t\t\t\t\t<\/div>\n\t\t\t\t\t\t\t\t<div class=\"elementor-field-type-textarea elementor-field-group elementor-column elementor-field-group-message elementor-col-100\">\n\t\t\t\t\t\t\t\t\t\t\t\t<label for=\"form-field-message\" class=\"elementor-field-label\">\n\t\t\t\t\t\t\t\tMessage\t\t\t\t\t\t\t<\/label>\n\t\t\t\t\t\t<textarea class=\"elementor-field-textual elementor-field  elementor-size-sm\" name=\"form_fields[message]\" id=\"form-field-message\" rows=\"4\" placeholder=\"Message\"><\/textarea>\t\t\t\t<\/div>\n\t\t\t\t\t\t\t\t<div class=\"elementor-field-group elementor-column elementor-field-type-submit elementor-col-100 e-form__buttons\">\n\t\t\t\t\t<button class=\"elementor-button elementor-size-sm\" type=\"submit\">\n\t\t\t\t\t\t<span class=\"elementor-button-content-wrapper\">\n\t\t\t\t\t\t\t\t\t\t\t\t\t\t\t\t\t\t\t\t\t\t<span class=\"elementor-button-text\">Envoyer<\/span>\n\t\t\t\t\t\t\t\t\t\t\t\t\t<\/span>\n\t\t\t\t\t<\/button>\n\t\t\t\t<\/div>\n\t\t\t<\/div>\n\t\t<\/form>\n\t\t\t\t\t\t<\/div>\n\t\t\t\t<\/div>\n\t\t\t\t\t<\/div>\n\t\t\t\t<\/div>\n\t\t<div class=\"elementor-element elementor-element-2ccabf2 e-flex e-con-boxed e-con e-parent\" data-id=\"2ccabf2\" data-element_type=\"container\" data-e-type=\"container\">\n\t\t\t\t\t<div class=\"e-con-inner\">\n\t\t\t\t<div class=\"elementor-element elementor-element-17bc503 elementor-widget elementor-widget-text-editor\" data-id=\"17bc503\" data-element_type=\"widget\" data-e-type=\"widget\" data-widget_type=\"text-editor.default\">\n\t\t\t\t<div class=\"elementor-widget-container\">\n\t\t\t\t\t\t\t\t\t<p>Contactez-nous si vous avez des questions ou des connaissances sur les avoirs de comptes qui ne peuvent plus \u00eatre r\u00e9clam\u00e9s (comptes en d\u00e9sh\u00e9rence, avoirs juifs spoli\u00e9s, etc.).  <\/p>\n<p>Faites-nous part de vos exp\u00e9riences avec les banques \u00e0 ce sujet.  <\/p>\n<p>Nous vous contacterons imm\u00e9diatement et vous aiderons dans la mesure du possible.<\/p>\n<p><a href=\"mailto:kontakt@simson-cohen.de\">kontakt@simson-cohen.de<\/a><\/p>\n<div> <\/div>\n\t\t\t\t\t\t\t\t<\/div>\n\t\t\t\t<\/div>\n\t\t\t\t\t<\/div>\n\t\t\t\t<\/div>\n\t\t\t\t<\/div>\n\t\t","protected":false},"excerpt":{"rendered":"<p>Formulaire de contact Contactez-nous si vous avez des questions ou des connaissances sur les avoirs de comptes qui ne peuvent plus \u00eatre r\u00e9clam\u00e9s (comptes en d\u00e9sh\u00e9rence, avoirs juifs spoli\u00e9s, etc.). Faites-nous part de vos exp\u00e9riences avec les banques \u00e0 ce sujet. Nous vous contacterons imm\u00e9diatement et vous aiderons dans la mesure du possible. kontakt@simson-cohen.de<\/p>\n","protected":false},"author":1,"featured_media":0,"parent":0,"menu_order":700,"comment_status":"closed","ping_status":"closed","template":"elementor_header_footer","meta":{"footnotes":""},"class_list":["post-2717","page","type-page","status-publish","hentry"],"yoast_head":"<!-- This site is optimized with the Yoast SEO plugin v27.2 - https:\/\/yoast.com\/product\/yoast-seo-wordpress\/ -->\n<title>Contact - Sparkasse an Volme und Ruhr enteignung von J\u00fcdischen Bankguthaben<\/title>\n<meta name=\"robots\" content=\"index, follow, max-snippet:-1, max-image-preview:large, max-video-preview:-1\" \/>\n<link rel=\"canonical\" href=\"https:\/\/simson-cohen.de\/fr\/contact\/\" \/>\n<meta property=\"og:locale\" content=\"fr_FR\" \/>\n<meta property=\"og:type\" content=\"article\" \/>\n<meta property=\"og:title\" content=\"Contact - Sparkasse an Volme und Ruhr enteignung von J\u00fcdischen Bankguthaben\" \/>\n<meta property=\"og:description\" content=\"Formulaire de contact Contactez-nous si vous avez des questions ou des connaissances sur les avoirs de comptes qui ne peuvent plus \u00eatre r\u00e9clam\u00e9s (comptes en d\u00e9sh\u00e9rence, avoirs juifs spoli\u00e9s, etc.). Faites-nous part de vos exp\u00e9riences avec les banques \u00e0 ce sujet. Nous vous contacterons imm\u00e9diatement et vous aiderons dans la mesure du possible. kontakt@simson-cohen.de\" \/>\n<meta property=\"og:url\" content=\"https:\/\/simson-cohen.de\/fr\/contact\/\" \/>\n<meta property=\"og:site_name\" content=\"Sparkasse an Volme und Ruhr enteignung von J\u00fcdischen Bankguthaben\" \/>\n<meta property=\"article:modified_time\" content=\"2025-01-06T17:00:12+00:00\" \/>\n<meta name=\"twitter:card\" content=\"summary_large_image\" \/>\n<script type=\"application\/ld+json\" class=\"yoast-schema-graph\">{\"@context\":\"https:\/\/schema.org\",\"@graph\":[{\"@type\":\"WebPage\",\"@id\":\"https:\/\/simson-cohen.de\/fr\/contact\/\",\"url\":\"https:\/\/simson-cohen.de\/fr\/contact\/\",\"name\":\"Contact - Sparkasse an Volme und Ruhr enteignung von J\u00fcdischen Bankguthaben\",\"isPartOf\":{\"@id\":\"https:\/\/simson-cohen.de\/fr\/#website\"},\"datePublished\":\"2024-11-25T05:53:26+00:00\",\"dateModified\":\"2025-01-06T17:00:12+00:00\",\"breadcrumb\":{\"@id\":\"https:\/\/simson-cohen.de\/fr\/contact\/#breadcrumb\"},\"inLanguage\":\"fr-FR\",\"potentialAction\":[{\"@type\":\"ReadAction\",\"target\":[\"https:\/\/simson-cohen.de\/fr\/contact\/\"]}]},{\"@type\":\"BreadcrumbList\",\"@id\":\"https:\/\/simson-cohen.de\/fr\/contact\/#breadcrumb\",\"itemListElement\":[{\"@type\":\"ListItem\",\"position\":1,\"name\":\"Startseite\",\"item\":\"https:\/\/simson-cohen.de\/fr\/page-daccueil\/\"},{\"@type\":\"ListItem\",\"position\":2,\"name\":\"Contact\"}]},{\"@type\":\"WebSite\",\"@id\":\"https:\/\/simson-cohen.de\/fr\/#website\",\"url\":\"https:\/\/simson-cohen.de\/fr\/\",\"name\":\"Sparkasse an Volme und Ruhr enteignung von J\u00fcdischen Bankguthaben\",\"description\":\"Rechtsstreit Arthur Levy Konto 4409 bei der Sparkasse an Volme und Ruhr\",\"publisher\":{\"@id\":\"https:\/\/simson-cohen.de\/fr\/#organization\"},\"potentialAction\":[{\"@type\":\"SearchAction\",\"target\":{\"@type\":\"EntryPoint\",\"urlTemplate\":\"https:\/\/simson-cohen.de\/fr\/?s={search_term_string}\"},\"query-input\":{\"@type\":\"PropertyValueSpecification\",\"valueRequired\":true,\"valueName\":\"search_term_string\"}}],\"inLanguage\":\"fr-FR\"},{\"@type\":\"Organization\",\"@id\":\"https:\/\/simson-cohen.de\/fr\/#organization\",\"name\":\"Sparkasse an Volme und Ruhr enteignung von J\u00fcdischen Bankguthaben\",\"url\":\"https:\/\/simson-cohen.de\/fr\/\",\"logo\":{\"@type\":\"ImageObject\",\"inLanguage\":\"fr-FR\",\"@id\":\"https:\/\/simson-cohen.de\/fr\/#\/schema\/logo\/image\/\",\"url\":\"https:\/\/simson-cohen.de\/wp-content\/uploads\/2024\/11\/K-IMG_5520.jpg\",\"contentUrl\":\"https:\/\/simson-cohen.de\/wp-content\/uploads\/2024\/11\/K-IMG_5520.jpg\",\"width\":1996,\"height\":1792,\"caption\":\"Sparkasse an Volme und Ruhr enteignung von J\u00fcdischen Bankguthaben\"},\"image\":{\"@id\":\"https:\/\/simson-cohen.de\/fr\/#\/schema\/logo\/image\/\"}}]}<\/script>\n<!-- \/ Yoast SEO plugin. -->","yoast_head_json":{"title":"Contact - Sparkasse an Volme und Ruhr enteignung von J\u00fcdischen Bankguthaben","robots":{"index":"index","follow":"follow","max-snippet":"max-snippet:-1","max-image-preview":"max-image-preview:large","max-video-preview":"max-video-preview:-1"},"canonical":"https:\/\/simson-cohen.de\/fr\/contact\/","og_locale":"fr_FR","og_type":"article","og_title":"Contact - Sparkasse an Volme und Ruhr enteignung von J\u00fcdischen Bankguthaben","og_description":"Formulaire de contact Contactez-nous si vous avez des questions ou des connaissances sur les avoirs de comptes qui ne peuvent plus \u00eatre r\u00e9clam\u00e9s (comptes en d\u00e9sh\u00e9rence, avoirs juifs spoli\u00e9s, etc.). Faites-nous part de vos exp\u00e9riences avec les banques \u00e0 ce sujet. Nous vous contacterons imm\u00e9diatement et vous aiderons dans la mesure du possible. kontakt@simson-cohen.de","og_url":"https:\/\/simson-cohen.de\/fr\/contact\/","og_site_name":"Sparkasse an Volme und Ruhr enteignung von J\u00fcdischen Bankguthaben","article_modified_time":"2025-01-06T17:00:12+00:00","twitter_card":"summary_large_image","schema":{"@context":"https:\/\/schema.org","@graph":[{"@type":"WebPage","@id":"https:\/\/simson-cohen.de\/fr\/contact\/","url":"https:\/\/simson-cohen.de\/fr\/contact\/","name":"Contact - Sparkasse an Volme und Ruhr enteignung von J\u00fcdischen Bankguthaben","isPartOf":{"@id":"https:\/\/simson-cohen.de\/fr\/#website"},"datePublished":"2024-11-25T05:53:26+00:00","dateModified":"2025-01-06T17:00:12+00:00","breadcrumb":{"@id":"https:\/\/simson-cohen.de\/fr\/contact\/#breadcrumb"},"inLanguage":"fr-FR","potentialAction":[{"@type":"ReadAction","target":["https:\/\/simson-cohen.de\/fr\/contact\/"]}]},{"@type":"BreadcrumbList","@id":"https:\/\/simson-cohen.de\/fr\/contact\/#breadcrumb","itemListElement":[{"@type":"ListItem","position":1,"name":"Startseite","item":"https:\/\/simson-cohen.de\/fr\/page-daccueil\/"},{"@type":"ListItem","position":2,"name":"Contact"}]},{"@type":"WebSite","@id":"https:\/\/simson-cohen.de\/fr\/#website","url":"https:\/\/simson-cohen.de\/fr\/","name":"Sparkasse an Volme und Ruhr enteignung von J\u00fcdischen Bankguthaben","description":"Rechtsstreit Arthur Levy Konto 4409 bei der Sparkasse an Volme und Ruhr","publisher":{"@id":"https:\/\/simson-cohen.de\/fr\/#organization"},"potentialAction":[{"@type":"SearchAction","target":{"@type":"EntryPoint","urlTemplate":"https:\/\/simson-cohen.de\/fr\/?s={search_term_string}"},"query-input":{"@type":"PropertyValueSpecification","valueRequired":true,"valueName":"search_term_string"}}],"inLanguage":"fr-FR"},{"@type":"Organization","@id":"https:\/\/simson-cohen.de\/fr\/#organization","name":"Sparkasse an Volme und Ruhr enteignung von J\u00fcdischen Bankguthaben","url":"https:\/\/simson-cohen.de\/fr\/","logo":{"@type":"ImageObject","inLanguage":"fr-FR","@id":"https:\/\/simson-cohen.de\/fr\/#\/schema\/logo\/image\/","url":"https:\/\/simson-cohen.de\/wp-content\/uploads\/2024\/11\/K-IMG_5520.jpg","contentUrl":"https:\/\/simson-cohen.de\/wp-content\/uploads\/2024\/11\/K-IMG_5520.jpg","width":1996,"height":1792,"caption":"Sparkasse an Volme und Ruhr enteignung von J\u00fcdischen Bankguthaben"},"image":{"@id":"https:\/\/simson-cohen.de\/fr\/#\/schema\/logo\/image\/"}}]}},"_links":{"self":[{"href":"https:\/\/simson-cohen.de\/fr\/wp-json\/wp\/v2\/pages\/2717","targetHints":{"allow":["GET"]}}],"collection":[{"href":"https:\/\/simson-cohen.de\/fr\/wp-json\/wp\/v2\/pages"}],"about":[{"href":"https:\/\/simson-cohen.de\/fr\/wp-json\/wp\/v2\/types\/page"}],"author":[{"embeddable":true,"href":"https:\/\/simson-cohen.de\/fr\/wp-json\/wp\/v2\/users\/1"}],"replies":[{"embeddable":true,"href":"https:\/\/simson-cohen.de\/fr\/wp-json\/wp\/v2\/comments?post=2717"}],"version-history":[{"count":2,"href":"https:\/\/simson-cohen.de\/fr\/wp-json\/wp\/v2\/pages\/2717\/revisions"}],"predecessor-version":[{"id":2722,"href":"https:\/\/simson-cohen.de\/fr\/wp-json\/wp\/v2\/pages\/2717\/revisions\/2722"}],"wp:attachment":[{"href":"https:\/\/simson-cohen.de\/fr\/wp-json\/wp\/v2\/media?parent=2717"}],"curies":[{"name":"wp","href":"https:\/\/api.w.org\/{rel}","templated":true}]}}